{"id":9300,"date":"2022-08-01T14:10:52","date_gmt":"2022-08-01T14:10:52","guid":{"rendered":"https:\/\/masquedigital.com\/?page_id=9300"},"modified":"2022-10-27T13:38:24","modified_gmt":"2022-10-27T13:38:24","slug":"campaing-reputacion-online","status":"publish","type":"page","link":"https:\/\/masquedigital.com\/en\/campaing-reputacion-online\/","title":{"rendered":"Campaing Reputaci\u00f3n Online"},"content":{"rendered":"<div  id='mejora-tu-reputacion'  class=\"vc_row wpb_row vc_row-fluid vc_custom_1666877476362 vc_row-flex vc_row-o-equal-height vc_row-o-content-top full-width-section \">\n\t<div  class=\"vc_span6 wpb_column vc_column_container \"><div class=\"vc_column-inner \">\n\t\t<div class=\"wpb_wrapper\">\n\t\t\t\n\t<div class=\"wpb_text_column wpb_content_element   ct_314jyqic6wldjno9akhl\" >\n\t\t<div class=\"wpb_wrapper\" >\n\t\t\t<h2 style=\"color: #ffffff; font-size: 40px; line-height: 1.2; text-shadow: 1px 1px 10px #000000;\">\u00bfQu\u00e9 podemos hacer por ti?<\/h2>\n\n\t\t<\/div> \n\t<\/div> \n\t<div class=\"wpb_text_column wpb_content_element   ct_tl3f8fjznp9t98mu1hti\" >\n\t\t<div class=\"wpb_wrapper\" >\n\t\t\t<p style=\"color: #ffffff; font-size: 20px; text-shadow: 1px 1px 10px #000000;\">En MasQueDigital <strong>Posicionamos<\/strong> tu nombre, marca personal o empresa entre los primeros resultados de Google, mejorando la percepci\u00f3n que tengan los usuarios sobre tu <strong>reputaci\u00f3n online<\/strong><\/p>\n\n\t\t<\/div> \n\t<\/div> <div class=\"vc_empty_space\"   style=\"height: 40px\"><span class=\"vc_empty_space_inner\"><\/span><\/div>\n\t\t<\/div> <\/div>\n\t<\/div> \n\n\t<div  class=\"vc_span6 wpb_column vc_column_container \"><div class=\"vc_column-inner vc_custom_1666877490696\">\n\t\t<div class=\"wpb_wrapper\">\n\t\t\t<div class=\"vc_row wpb_row vc_inner vc_row-fluid\"><div  class=\"wpb_column vc_column_container vc_span12 vc_col-has-fill\"><div class=\"vc_column-inner  vc_custom_1659368661766\"  style=\"color:#ffffff;\"><div class=\"wpb_wrapper\"><h3 style=\"color: #ffffff;text-align: center\" class=\"vc_custom_heading\" >\u00bfQuieres mejorar tu reputaci\u00f3n online?<\/h3><style type=\"text\/css\" >#rd_dwp596yyhq4mg0gbaiy1 .wpcf7 input[type=submit]{font-size:15px; font-weight:900; border-radius:2px; padding:11px 15px; letter-spacing: 0.5px; margin-top:3px;}#rd_dwp596yyhq4mg0gbaiy1 .wpcf7 input[type=submit]:hover {background:#cad92a; color:#ffffff !important;}#rd_dwp596yyhq4mg0gbaiy1 .wpcf7 input:not([type=submit]):not([type=checkbox]),#rd_dwp596yyhq4mg0gbaiy1 textarea,#rd_dwp596yyhq4mg0gbaiy1 .wpcf7 select{border-radius:0px;}#rd_dwp596yyhq4mg0gbaiy1 .wpcf7 input:not([type=submit]),#rd_dwp596yyhq4mg0gbaiy1 textarea,#rd_dwp596yyhq4mg0gbaiy1 .wpcf7 input[type=submit],#rd_dwp596yyhq4mg0gbaiy1 .wpcf7 select{margin-top:3px;}#rd_dwp596yyhq4mg0gbaiy1 p{margin-bottom:23px;}#rd_dwp596yyhq4mg0gbaiy1 .wpcf7 input:not([type=submit]):not([type=checkbox]),#rd_dwp596yyhq4mg0gbaiy1 .wpcf7  textarea,#rd_dwp596yyhq4mg0gbaiy1 .wpcf7 select{border:1px solid #ecf0f1; background:#ffffff;}#rd_dwp596yyhq4mg0gbaiy1 .wpcf7 input[type=submit]{background:; color: !important;}<\/style><div id=\"rd_dwp596yyhq4mg0gbaiy1\" class=\"\">\n<div class=\"wpcf7 no-js\" id=\"wpcf7-f9562-o1\" lang=\"es-VE\" dir=\"ltr\" data-wpcf7-id=\"9562\">\n<div class=\"screen-reader-response\"><p role=\"status\" aria-live=\"polite\" aria-atomic=\"true\"><\/p> <ul><\/ul><\/div>\n<form action=\"\/en\/wp-json\/wp\/v2\/pages\/9300#wpcf7-f9562-o1\" method=\"post\" class=\"wpcf7-form init\" aria-label=\"Formulario de contacto\" novalidate=\"novalidate\" data-status=\"init\">\n<fieldset class=\"hidden-fields-container\"><input type=\"hidden\" name=\"_wpcf7\" value=\"9562\" \/><input type=\"hidden\" name=\"_wpcf7_version\" value=\"6.1.5\" \/><input type=\"hidden\" name=\"_wpcf7_locale\" value=\"es_VE\" \/><input type=\"hidden\" name=\"_wpcf7_unit_tag\" value=\"wpcf7-f9562-o1\" \/><input type=\"hidden\" name=\"_wpcf7_container_post\" value=\"0\" \/><input type=\"hidden\" name=\"_wpcf7_posted_data_hash\" value=\"\" \/><input type=\"hidden\" name=\"_wpcf7_recaptcha_response\" value=\"\" \/>\n<\/fieldset>\n<p><label> Tu nombre*<br \/>\n<span class=\"wpcf7-form-control-wrap\" data-name=\"your-name\"><input size=\"40\" maxlength=\"400\" class=\"wpcf7-form-control wpcf7-text wpcf7-validates-as-required\" aria-required=\"true\" aria-invalid=\"false\" value=\"\" type=\"text\" name=\"your-name\" \/><\/span> <\/label>\n<\/p>\n<p><label> Tu correo electr\u00f3nico*<br \/>\n<span class=\"wpcf7-form-control-wrap\" data-name=\"your-email\"><input size=\"40\" maxlength=\"400\" class=\"wpcf7-form-control wpcf7-email wpcf7-validates-as-required wpcf7-text wpcf7-validates-as-email\" aria-required=\"true\" aria-invalid=\"false\" value=\"\" type=\"email\" name=\"your-email\" \/><\/span> <\/label>\n<\/p>\n<p><label> Cargo*<br \/>\n<span class=\"wpcf7-form-control-wrap\" data-name=\"cargo\"><input size=\"40\" maxlength=\"400\" class=\"wpcf7-form-control wpcf7-text wpcf7-validates-as-required\" aria-required=\"true\" aria-invalid=\"false\" value=\"\" type=\"text\" name=\"cargo\" \/><\/span> <\/label>\n<\/p>\n<p><label> Empresa*<br \/>\n<span class=\"wpcf7-form-control-wrap\" data-name=\"empresa\"><input size=\"40\" maxlength=\"400\" class=\"wpcf7-form-control wpcf7-text wpcf7-validates-as-required\" aria-required=\"true\" aria-invalid=\"false\" value=\"\" type=\"text\" name=\"empresa\" \/><\/span> <\/label>\n<\/p>\n<p><label> Tel\u00e9fono<br \/>\n<span class=\"wpcf7-form-control-wrap\" data-name=\"tel-111\"><input size=\"40\" maxlength=\"400\" class=\"wpcf7-form-control wpcf7-tel wpcf7-text wpcf7-validates-as-tel\" aria-invalid=\"false\" value=\"\" type=\"tel\" name=\"tel-111\" \/><\/span> <\/label>\n<\/p>\n<p><label> Te invitamos a escribirnos cu\u00e1l es tu requerimiento*<br \/>\n<span class=\"wpcf7-form-control-wrap\" data-name=\"requerimiento\"><textarea cols=\"40\" rows=\"10\" maxlength=\"2000\" class=\"wpcf7-form-control wpcf7-textarea wpcf7-validates-as-required\" aria-required=\"true\" aria-invalid=\"false\" name=\"requerimiento\"><\/textarea><\/span> <\/label>\n<\/p>\n<p><input class=\"wpcf7-form-control wpcf7-submit has-spinner\" type=\"submit\" value=\"Enviar\" \/>\n<\/p>\n<p><label> *Campos obligatorios <\/label>\n<\/p><div class=\"wpcf7-response-output\" aria-hidden=\"true\"><\/div>\n<\/form>\n<\/div>\n<\/div><h4 style=\"color: #ffffff;text-align: center\" class=\"vc_custom_heading\" >100% Confidencial. Respetamos tu privacidad<\/h4><\/div><\/div><\/div><\/div>\n\t\t<\/div> <\/div>\n\t<\/div> \n<\/div><div   class=\"vc_row wpb_row vc_row-fluid vc_custom_1666875805248 vc_row-o-content-middle full-width-content \">\n\t<div  class=\"vc_span6 wpb_column vc_column_container \"><div class=\"vc_column-inner vc_custom_1666875846398\">\n\t\t<div class=\"wpb_wrapper\">\n\t\t\t<h2 style=\"font-size: 26px;text-align: left\" class=\"vc_custom_heading\" >\u00a1Tu empresa lo necesita!<\/h2>\n\t<div class=\"wpb_text_column wpb_content_element   ct_inmgb80oyowbshsk0t1d\" >\n\t\t<div class=\"wpb_wrapper\" >\n\t\t\t<p>En M\u00e1sQueDigital construimos, gestionamos y protegemos tu reputaci\u00f3n digital, aplicando estrategias con t\u00e9cnicas innovadoras y especializadas.<\/p>\n<ul>\n<li>Implementamos para ti estrategias de Marketing Digital id\u00f3neas que te permitan posicionarte de manera diferenciadora a tu competencia.<\/li>\n<li>Posicionamos tu nombre, marca personal o empresa entre los primeros resultados de Google, mejorando la percepci\u00f3n que tengan los usuarios sobre tu reputaci\u00f3n online.<\/li>\n<li>Creamos contenido de valor con las mejores t\u00e9cnicas de posicionamiento SEO, para destacar tu reputaci\u00f3n en Internet y en las Redes Sociales.<\/li>\n<\/ul>\n<p>Adem\u00e1s, realizamos monitoreo constante de alertas en torno a tu nombre o marcas. Desposicionamos y desindexamos contenido difamatorio.<\/p>\n\n\t\t<\/div> <style type=\"text\/css\" >.ct_inmgb80oyowbshsk0t1d {font-size:20px;}<\/style>\n\t<\/div> \n\t\t<\/div> <\/div>\n\t<\/div> \n\n\t<div  class=\"vc_span6 wpb_column vc_column_container \"><div class=\"vc_column-inner \">\n\t\t<div class=\"wpb_wrapper\">\n\t\t\t\n\t<div class=\"wpb_video_widget wpb_content_element vc_clearfix   vc_video-aspect-ratio-169 vc_video-el-width-100 vc_video-align-center\" >\n\t\t<div class=\"wpb_wrapper\">\n\t\t\t\n\t\t\t<div class=\"wpb_video_wrapper\"><iframe loading=\"lazy\" title=\"M\u00e1sQueDigital   Nuestra naturaleza es cuidar\" width=\"1170\" height=\"658\" src=\"https:\/\/www.youtube.com\/embed\/5cqsimopdKU?feature=oembed\" frameborder=\"0\" allow=\"accelerometer; autoplay; clipboard-write; encrypted-media; gyroscope; picture-in-picture\" allowfullscreen><\/iframe><\/div>\n\t\t<\/div>\n\t<\/div>\n\n\t\t<\/div> <\/div>\n\t<\/div> \n<\/div><div   class=\"vc_row wpb_row vc_row-fluid padding-xl vc_custom_1666875997675 vc_row-o-content-middle full-width-section \" style=\"color:#ffffff;\">\n\t<div  class=\"vc_span8 wpb_column vc_column_container rda_fadeInLeft\"><div class=\"vc_column-inner vc_custom_1656507396247\">\n\t\t<div class=\"wpb_wrapper\">\n\t\t\t<h2 style=\"font-size: 30px;color: #ffffff;line-height: 1;text-align: left\" class=\"vc_custom_heading\" >Habla con uno de nuestros especialistas<\/h2>\n\t\t<\/div> <\/div>\n\t<\/div> \n\n\t<div  class=\"vc_span4 wpb_column vc_column_container rda_fadeInRight\"><div class=\"vc_column-inner vc_custom_1656517585080\">\n\t\t<div class=\"wpb_wrapper\">\n\t\t\t<style type=\"text\/css\" >#b_bx7fv5wxygvcobqp9tez a{color:#16275c; background:#ffffff; margin-top:0px; margin-bottom:0px;  margin-left:0px; margin-right:0px; font-weight:900; border-radius:50px;}#b_bx7fv5wxygvcobqp9tez a:hover{color: ; background: ;}<\/style><div class=\"ta_center tf_btn_pos\" id=\"b_bx7fv5wxygvcobqp9tez\" ><a class=\"rd_normal_bt medium_rd_bt  \" href=\"https:\/\/wa.me\/5804242591446\" target=\"yes\" rel=\"noopener\">Cont\u00e1ctanos<\/a><\/div>\n\t\t<\/div> <\/div>\n\t<\/div> \n<\/div>\n","protected":false},"excerpt":{"rendered":"<p>\u00bfQu\u00e9 podemos hacer por ti? En MasQueDigital Posicionamos tu nombre, marca personal o empresa entre los primeros resultados de Google, mejorando la percepci\u00f3n que tengan los usuarios sobre tu reputaci\u00f3n online \u00bfQuieres mejorar tu reputaci\u00f3n online? Tu nombre* Tu correo electr\u00f3nico* Cargo* Empresa* Tel\u00e9fono Te invitamos a escribirnos cu\u00e1l es tu requerimiento* *Campos obligatorios 100%<br \/><a href=\"https:\/\/masquedigital.com\/en\/campaing-reputacion-online\/\" class=\"more\">Read more<\/a><\/p>","protected":false},"author":1,"featured_media":553,"parent":0,"menu_order":0,"comment_status":"closed","ping_status":"closed","template":"","meta":{"_crdt_document":"","footnotes":""},"class_list":["post-9300","page","type-page","status-publish","has-post-thumbnail","hentry"],"_links":{"self":[{"href":"https:\/\/masquedigital.com\/en\/wp-json\/wp\/v2\/pages\/9300","targetHints":{"allow":["GET"]}}],"collection":[{"href":"https:\/\/masquedigital.com\/en\/wp-json\/wp\/v2\/pages"}],"about":[{"href":"https:\/\/masquedigital.com\/en\/wp-json\/wp\/v2\/types\/page"}],"author":[{"embeddable":true,"href":"https:\/\/masquedigital.com\/en\/wp-json\/wp\/v2\/users\/1"}],"replies":[{"embeddable":true,"href":"https:\/\/masquedigital.com\/en\/wp-json\/wp\/v2\/comments?post=9300"}],"version-history":[{"count":135,"href":"https:\/\/masquedigital.com\/en\/wp-json\/wp\/v2\/pages\/9300\/revisions"}],"predecessor-version":[{"id":9768,"href":"https:\/\/masquedigital.com\/en\/wp-json\/wp\/v2\/pages\/9300\/revisions\/9768"}],"wp:featuredmedia":[{"embeddable":true,"href":"https:\/\/masquedigital.com\/en\/wp-json\/wp\/v2\/media\/553"}],"wp:attachment":[{"href":"https:\/\/masquedigital.com\/en\/wp-json\/wp\/v2\/media?parent=9300"}],"curies":[{"name":"wp","href":"https:\/\/api.w.org\/{rel}","templated":true}]}}