{"id":678,"date":"2022-06-27T13:36:04","date_gmt":"2022-06-27T13:36:04","guid":{"rendered":"https:\/\/masquedigital.com\/?page_id=678"},"modified":"2022-08-08T21:36:25","modified_gmt":"2022-08-08T21:36:25","slug":"fundasitio","status":"publish","type":"page","link":"https:\/\/masquedigital.com\/en\/fundasitio\/","title":{"rendered":"FundaSitio"},"content":{"rendered":"<div   class=\"vc_row wpb_row vc_row-fluid fundasitio-header vc_custom_1657636834059 vc_row-o-content-top full-width-section\">\n\t<div  class=\"vc_span12 wpb_column vc_column_container\"><div class=\"vc_column-inner\">\n\t\t<div class=\"wpb_wrapper\">\n\t\t\t<h2 style=\"font-size: 40px;color: #73b340;text-align: center\" class=\"vc_custom_heading vc_custom_1657552054576\" >INFLUIR EN LA SOCIEDAD DE MANERA POSITIVA, PERMITIR\u00c1 ALCANZAR LA REALIDAD QUE TODOS SO\u00d1AMOS.<\/h2>\n\t\t<\/div> <\/div>\n\t<\/div> \n<\/div><div   class=\"vc_row wpb_row vc_row-fluid vc_custom_1657552151083 vc_row-o-content-middle full-width-section\">\n\t<div  class=\"vc_span6 wpb_column vc_column_container\"><div class=\"vc_column-inner\">\n\t\t<div class=\"wpb_wrapper\">\n\t\t\t\n\t<div class=\"wpb_text_column wpb_content_element   ct_obubl92o64u7pei57m3e\" >\n\t\t<div class=\"wpb_wrapper\" >\n\t\t\t<p>Cuando decimos que <b>Nuestra naturaleza es cuidar<\/b>, nos referimos tambi\u00e9n al compromiso que tenemos como empresa con nuestros colaboradores y con la comunidad.<\/p>\n<p>A trav\u00e9s de nuestras acciones y aportes sociales procuramos construir una sociedad m\u00e1s justa, erradicando la pobreza y asegurando la prosperidad para todos, especialmente para nuestros j\u00f3venes, quienes hoy en d\u00eda son nuestros principales beneficiarios del universo educativo <b>Proyecto <\/b><b>Lottus<\/b> y <b>El Rinconcito So\u00f1ador<\/b>.<\/p>\n\n\t\t<\/div> \n\t<\/div> \n\t\t<\/div> <\/div>\n\t<\/div> \n\n\t<div  class=\"vc_span6 wpb_column vc_column_container\"><div class=\"vc_column-inner\">\n\t\t<div class=\"wpb_wrapper\">\n\t\t\t\n\t<div  class=\"wpb_single_image wpb_content_element vc_align_center\">\n\t\t<div class=\"wpb_wrapper\">\n\t\t\t\n\t\t\t<div class=\"vc_single_image-wrapper   vc_box_border_grey\"><img loading=\"lazy\" decoding=\"async\" width=\"600\" height=\"400\" src=\"https:\/\/masquedigital.com\/wp-content\/uploads\/2022\/05\/FundaSitio-600x400-1.png\" class=\"vc_single_image-img attachment-full\" alt=\"fundacion fundasitio\" title=\"FundaSitio-600x400\" srcset=\"https:\/\/masquedigital.com\/wp-content\/uploads\/2022\/05\/FundaSitio-600x400-1.png 600w, https:\/\/masquedigital.com\/wp-content\/uploads\/2022\/05\/FundaSitio-600x400-1-300x200.png 300w, https:\/\/masquedigital.com\/wp-content\/uploads\/2022\/05\/FundaSitio-600x400-1-18x12.png 18w\" sizes=\"auto, (max-width: 600px) 100vw, 600px\" \/><\/div>\n\t\t<\/div>\n\t<\/div>\n\n\t\t<\/div> <\/div>\n\t<\/div> \n<\/div><div   class=\"vc_row wpb_row vc_row-fluid verde-fundasitio vc_custom_1656343629803 vc_row-o-content-middle full-width-section\">\n\t<div  class=\"vc_span6 wpb_column vc_column_container\"><div class=\"vc_column-inner\">\n\t\t<div class=\"wpb_wrapper\">\n\t\t\t<h2 style=\"font-size: 40px;color: #73b340;line-height: 1;text-align: left\" class=\"vc_custom_heading\" >8 a\u00f1os de impacto social positivo<\/h2>\n\t<div class=\"wpb_text_column wpb_content_element   ct_9s7lt3flvwucga0eva1h\" >\n\t\t<div class=\"wpb_wrapper\" >\n\t\t\t<p>Desde 2014, <b>Fundasitio<\/b> se convierte en nuestro brazo social. Por medio de nuestra fundaci\u00f3n hemos desarrollado proyectos y nuevos esquemas\u00a0 de sustentabilidad y sostenibilidad, para ayudar a las comunidades m\u00e1s vulnerables.<\/p>\n<p>Nuestra naturaleza es cuidar de nuestros beneficiarios desde el compromiso social que establecemos con ellos, brind\u00e1ndoles oportunidades de crecimiento y mejor calidad de vida, con el deseo de contribuir activamente con el fortalecimiento de la sociedad y las comunidades.<\/p>\n\n\t\t<\/div> \n\t<\/div> \n\t\t<\/div> <\/div>\n\t<\/div> \n\n\t<div  class=\"vc_span6 wpb_column vc_column_container\"><div class=\"vc_column-inner\">\n\t\t<div class=\"wpb_wrapper\">\n\t\t\t\n\t<div  class=\"wpb_single_image wpb_content_element vc_align_center\">\n\t\t<div class=\"wpb_wrapper\">\n\t\t\t\n\t\t\t<div class=\"vc_single_image-wrapper   vc_box_border_grey\"><img loading=\"lazy\" decoding=\"async\" width=\"900\" height=\"600\" src=\"https:\/\/masquedigital.com\/wp-content\/uploads\/2022\/07\/MasQueDigital-FundaSitio-RSE.jpg\" class=\"vc_single_image-img attachment-full\" alt=\"\" title=\"MasQueDigital-FundaSitio-RSE\" srcset=\"https:\/\/masquedigital.com\/wp-content\/uploads\/2022\/07\/MasQueDigital-FundaSitio-RSE.jpg 900w, https:\/\/masquedigital.com\/wp-content\/uploads\/2022\/07\/MasQueDigital-FundaSitio-RSE-300x200.jpg 300w, https:\/\/masquedigital.com\/wp-content\/uploads\/2022\/07\/MasQueDigital-FundaSitio-RSE-768x512.jpg 768w, https:\/\/masquedigital.com\/wp-content\/uploads\/2022\/07\/MasQueDigital-FundaSitio-RSE-18x12.jpg 18w\" sizes=\"auto, (max-width: 900px) 100vw, 900px\" \/><\/div>\n\t\t<\/div>\n\t<\/div>\n\n\t\t<\/div> <\/div>\n\t<\/div> \n<\/div><div   class=\"vc_row wpb_row vc_row-fluid vc_custom_1657552808695 full-width-content\" style=\"color:#ffffff;\">\n\t<div  class=\"vc_span3 wpb_column vc_column_container\"><div class=\"vc_column-inner\">\n\t\t<div class=\"wpb_wrapper\">\n\t\t\t<h2 style=\"color: #ffffff;text-align: center\" class=\"vc_custom_heading\" >Donaciones de Sitios Web<\/h2><div class=\"rd_count_to\" style=\"margin-top:0px; margin-bottom:0px;\"><div class=\"count_number\" data-from=\"0\" data-to=\"100\" data-speed=\"1000\" data-refresh-interval=\"25\" data-decimals=\"0\" style=\"color:#ffffff\">0<\/div><span class=\"count_title\" style=\"color:\"><\/span><\/div>\n\t<div class=\"wpb_text_column wpb_content_element   ct_027gfd7nagaenkdt3d14\" >\n\t\t<div class=\"wpb_wrapper\" >\n\t\t\t<p style=\"text-align: center;\">Periodo 2014 &#8211; 2020<\/p>\n\n\t\t<\/div> \n\t<\/div> \n\t\t<\/div> <\/div>\n\t<\/div> \n\n\t<div  class=\"vc_span3 wpb_column vc_column_container\"><div class=\"vc_column-inner\">\n\t\t<div class=\"wpb_wrapper\">\n\t\t\t<h2 style=\"color: #ffffff;text-align: center\" class=\"vc_custom_heading\" >Asesoramiento Comunicacional<\/h2><div class=\"rd_count_to\" style=\"margin-top:0px; margin-bottom:0px;\"><div class=\"count_number\" data-from=\"0\" data-to=\"500\" data-speed=\"1000\" data-refresh-interval=\"25\" data-decimals=\"0\" style=\"color:#ffffff\">0<\/div><span class=\"count_title\" style=\"color:\"><\/span><\/div>\n\t<div class=\"wpb_text_column wpb_content_element   ct_pb1dr1z0qvsv3ojr8ios\" >\n\t\t<div class=\"wpb_wrapper\" >\n\t\t\t<p style=\"text-align: center;\">Beneficiados<\/p>\n\n\t\t<\/div> \n\t<\/div> \n\t\t<\/div> <\/div>\n\t<\/div> \n\n\t<div  class=\"vc_span3 wpb_column vc_column_container\"><div class=\"vc_column-inner\">\n\t\t<div class=\"wpb_wrapper\">\n\t\t\t<h2 style=\"color: #ffffff;text-align: center\" class=\"vc_custom_heading\" >Empoderamiento de J\u00f3venes<\/h2><div class=\"rd_count_to\" style=\"margin-top:0px; margin-bottom:0px;\"><div class=\"count_number\" data-from=\"0\" data-to=\"500\" data-speed=\"1000\" data-refresh-interval=\"25\" data-decimals=\"0\" style=\"color:#ffffff\">0<\/div><span class=\"count_title\" style=\"color:\"><\/span><\/div>\n\t<div class=\"wpb_text_column wpb_content_element   ct_eo7hcelra1wjp6ycajmg\" >\n\t\t<div class=\"wpb_wrapper\" >\n\t\t\t<p style=\"text-align: center;\">J\u00f3venes<\/p>\n\n\t\t<\/div> \n\t<\/div> \n\t\t<\/div> <\/div>\n\t<\/div> \n\n\t<div  class=\"vc_span3 wpb_column vc_column_container\"><div class=\"vc_column-inner\">\n\t\t<div class=\"wpb_wrapper\">\n\t\t\t<h2 style=\"color: #ffffff;text-align: center\" class=\"vc_custom_heading\" >Acciones de Impacto Social<\/h2><div class=\"rd_count_to\" style=\"margin-top:0px; margin-bottom:0px;\"><div class=\"count_number\" data-from=\"0\" data-to=\"5000\" data-speed=\"1000\" data-refresh-interval=\"25\" data-decimals=\"0\" style=\"color:#ffffff\">0<\/div><span class=\"count_title\" style=\"color:\"><\/span><\/div>\n\t<div class=\"wpb_text_column wpb_content_element   ct_f2m6emh2t4pwa0tihe1c\" >\n\t\t<div class=\"wpb_wrapper\" >\n\t\t\t<p style=\"text-align: center;\">Beneficiados<\/p>\n\n\t\t<\/div> \n\t<\/div> \n\t\t<\/div> <\/div>\n\t<\/div> \n<\/div><div   class=\"vc_row wpb_row vc_row-fluid verde-fundasitio vc_custom_1656343629803 vc_row-o-content-middle full-width-section\">\n\t<div  class=\"vc_span6 wpb_column vc_column_container\"><div class=\"vc_column-inner\">\n\t\t<div class=\"wpb_wrapper\">\n\t\t\t\n\t<div  class=\"wpb_single_image wpb_content_element vc_align_center\">\n\t\t<div class=\"wpb_wrapper\">\n\t\t\t\n\t\t\t<div class=\"vc_single_image-wrapper   vc_box_border_grey\"><img loading=\"lazy\" decoding=\"async\" width=\"1080\" height=\"720\" src=\"https:\/\/masquedigital.com\/wp-content\/uploads\/2022\/07\/Fundasitio-aniversario.jpg\" class=\"vc_single_image-img attachment-full\" alt=\"\" title=\"Fundasitio-aniversario\" srcset=\"https:\/\/masquedigital.com\/wp-content\/uploads\/2022\/07\/Fundasitio-aniversario.jpg 1080w, https:\/\/masquedigital.com\/wp-content\/uploads\/2022\/07\/Fundasitio-aniversario-300x200.jpg 300w, https:\/\/masquedigital.com\/wp-content\/uploads\/2022\/07\/Fundasitio-aniversario-1024x683.jpg 1024w, https:\/\/masquedigital.com\/wp-content\/uploads\/2022\/07\/Fundasitio-aniversario-768x512.jpg 768w, https:\/\/masquedigital.com\/wp-content\/uploads\/2022\/07\/Fundasitio-aniversario-18x12.jpg 18w\" sizes=\"auto, (max-width: 1080px) 100vw, 1080px\" \/><\/div>\n\t\t<\/div>\n\t<\/div>\n\n\t\t<\/div> <\/div>\n\t<\/div> \n\n\t<div  class=\"vc_span6 wpb_column vc_column_container\"><div class=\"vc_column-inner\">\n\t\t<div class=\"wpb_wrapper\">\n\t\t\t<h2 style=\"font-size: 40px;color: #73b340;line-height: 1;text-align: left\" class=\"vc_custom_heading\" >\u00bfDesea participar?<\/h2>\n\t<div class=\"wpb_text_column wpb_content_element   ct_s37czwqjvzbccdfqbkmm\" >\n\t\t<div class=\"wpb_wrapper\" >\n\t\t\t<p>Cont\u00e1ctanos a trav\u00e9s de nuestra p\u00e1gina <a href=\"https:\/\/fundasitio.org\/\" target=\"_blank\" rel=\"noopener\"><strong>fundasitio.org<\/strong><\/a>, por el correo electr\u00f3nico: <strong><a href=\"mailto:info@fundasitio.org\" target=\"_blank\" rel=\"noopener\">info@fundasitio.org<\/a><\/strong> o por nuestras redes sociales @fundasitio<\/p>\n\n\t\t<\/div> \n\t<\/div> \n\t\t<\/div> <\/div>\n\t<\/div> \n<\/div>","protected":false},"excerpt":{"rendered":"<p>INFLUIR EN LA SOCIEDAD DE MANERA POSITIVA, PERMITIR\u00c1 ALCANZAR LA REALIDAD QUE TODOS SO\u00d1AMOS. Cuando decimos que Nuestra naturaleza es cuidar, nos referimos tambi\u00e9n al compromiso que tenemos como empresa con nuestros colaboradores y con la comunidad. A trav\u00e9s de nuestras acciones y aportes sociales procuramos construir una sociedad m\u00e1s justa, erradicando la pobreza y<br \/><a href=\"https:\/\/masquedigital.com\/en\/fundasitio\/\" class=\"more\">Read more<\/a><\/p>","protected":false},"author":1,"featured_media":0,"parent":0,"menu_order":0,"comment_status":"closed","ping_status":"closed","template":"","meta":{"_crdt_document":"","footnotes":""},"class_list":["post-678","page","type-page","status-publish","hentry"],"_links":{"self":[{"href":"https:\/\/masquedigital.com\/en\/wp-json\/wp\/v2\/pages\/678","targetHints":{"allow":["GET"]}}],"collection":[{"href":"https:\/\/masquedigital.com\/en\/wp-json\/wp\/v2\/pages"}],"about":[{"href":"https:\/\/masquedigital.com\/en\/wp-json\/wp\/v2\/types\/page"}],"author":[{"embeddable":true,"href":"https:\/\/masquedigital.com\/en\/wp-json\/wp\/v2\/users\/1"}],"replies":[{"embeddable":true,"href":"https:\/\/masquedigital.com\/en\/wp-json\/wp\/v2\/comments?post=678"}],"version-history":[{"count":59,"href":"https:\/\/masquedigital.com\/en\/wp-json\/wp\/v2\/pages\/678\/revisions"}],"predecessor-version":[{"id":9109,"href":"https:\/\/masquedigital.com\/en\/wp-json\/wp\/v2\/pages\/678\/revisions\/9109"}],"wp:attachment":[{"href":"https:\/\/masquedigital.com\/en\/wp-json\/wp\/v2\/media?parent=678"}],"curies":[{"name":"wp","href":"https:\/\/api.w.org\/{rel}","templated":true}]}}