{"id":419,"date":"2022-06-09T13:32:14","date_gmt":"2022-06-09T13:32:14","guid":{"rendered":"https:\/\/masquedigital.com\/?page_id=419"},"modified":"2025-06-25T14:03:01","modified_gmt":"2025-06-25T14:03:01","slug":"contacto","status":"publish","type":"page","link":"https:\/\/masquedigital.com\/en\/contacto\/","title":{"rendered":"Contacto"},"content":{"rendered":"<div   class=\"vc_row wpb_row vc_row-fluid vc_custom_1656613158373 full-width-section  rd_has_overlay \">\n\t<div  class=\"vc_span6 wpb_column vc_column_container \"><div class=\"vc_column-inner \">\n\t\t<div class=\"wpb_wrapper\">\n\t\t\t<h1 style=\"font-size: 40px;color: #000000;line-height: 1;text-align: left\" class=\"vc_custom_heading\" >Cont\u00e1cta con nosotros<\/h1>\n\t<div class=\"wpb_text_column wpb_content_element   ct_5opila77ja05oenx2x0j\" >\n\t\t<div class=\"wpb_wrapper\" >\n\t\t\t<p style=\"text-align: left;\">Le invitamos a comunicarse con nosotros mediante el formulario de contacto y pronto ser\u00e1 atendido por uno de nuestros ejecutivos comerciales.<\/p>\n\n\t\t<\/div> \n\t<\/div> <div class=\"vc_row wpb_row vc_inner vc_row-fluid vc_custom_1656613731573\"><div  class=\"wpb_column vc_column_container vc_span4\"><div class=\"vc_column-inner  \" ><div class=\"wpb_wrapper\"><style type='text\/css'> @font-face{font-family: 'wb'; src:url('https:\/\/masquedigital.com\/wp-content\/themes\/thefox\/includes\/4k-icons\/icons\/4k-icons-pack05\/icons\/fonts\/wb.eot'); src:url('https:\/\/masquedigital.com\/wp-content\/themes\/thefox\/includes\/4k-icons\/icons\/4k-icons-pack05\/icons\/fonts\/wb.eot?#iefix') format('embedded-opentype'), url('https:\/\/masquedigital.com\/wp-content\/themes\/thefox\/includes\/4k-icons\/icons\/4k-icons-pack05\/icons\/fonts\/wb.woff') format('woff'), url('https:\/\/masquedigital.com\/wp-content\/themes\/thefox\/includes\/4k-icons\/icons\/4k-icons-pack05\/icons\/fonts\/wb.ttf') format('truetype'), url('https:\/\/masquedigital.com\/wp-content\/themes\/thefox\/includes\/4k-icons\/icons\/4k-icons-pack05\/icons\/fonts\/wb.svg#oi') format('svg'); font-weight: normal; font-style: normal;}#fourk1 .wb-instagram:before{font-family: 'wb'; font-weight: normal; font-style: normal;}#fourk1 .wb-instagram:before{content: \"\\f14a\";}#fourk1{text-align:center}#fourk1 .fourk-icon{background-color: transparent}#fourk1 .fourk-icon:before{}#fourk1 .fourk-icon:after{}#fourk1 i{font-size:50px;line-height:50px;color:#057293}#fourk1 .fourk-icon.hovered i{}#fourk1 i{text-align: center;}#fourk1{margin-bottom: 20px;}#fourk1 .fourk-icon, #fourk1 .fourk-icon + *{cursor: pointer;}<\/style>\n<script>\n\t\t\t\tjQuery(document).ready(function($) {\n\t\t\t\t\t'use strict';\n\t\t\t\t\t$('#fourk1 .fourk-icon, #fourk1 .fourk-icon + *').click(function() {\n\t\t\t\t\t\twindow.open('https:\/\/instagram.com\/MasQueDigital', '_blank');\n\t\t\t\t\t});\n\t\t\t\t})\n\t\t\t<\/script><div id='fourk1' class='fourk-icon-container'><div class='fourk-icon none none' data-hover-trigger='icon' ><i class='wb-instagram'><\/i><\/div><\/div><\/div><\/div><\/div><div  class=\"wpb_column vc_column_container vc_span4\"><div class=\"vc_column-inner  \" ><div class=\"wpb_wrapper\"><style type='text\/css'> @font-face{font-family: 'wb'; src:url('https:\/\/masquedigital.com\/wp-content\/themes\/thefox\/includes\/4k-icons\/icons\/4k-icons-pack05\/icons\/fonts\/wb.eot'); src:url('https:\/\/masquedigital.com\/wp-content\/themes\/thefox\/includes\/4k-icons\/icons\/4k-icons-pack05\/icons\/fonts\/wb.eot?#iefix') format('embedded-opentype'), url('https:\/\/masquedigital.com\/wp-content\/themes\/thefox\/includes\/4k-icons\/icons\/4k-icons-pack05\/icons\/fonts\/wb.woff') format('woff'), url('https:\/\/masquedigital.com\/wp-content\/themes\/thefox\/includes\/4k-icons\/icons\/4k-icons-pack05\/icons\/fonts\/wb.ttf') format('truetype'), url('https:\/\/masquedigital.com\/wp-content\/themes\/thefox\/includes\/4k-icons\/icons\/4k-icons-pack05\/icons\/fonts\/wb.svg#oi') format('svg'); font-weight: normal; font-style: normal;}#fourk2 .wb-facebook2:before{font-family: 'wb'; font-weight: normal; font-style: normal;}#fourk2 .wb-facebook2:before{content: \"\\f14b\";}#fourk2{text-align:center}#fourk2 .fourk-icon{background-color: transparent}#fourk2 .fourk-icon:before{}#fourk2 .fourk-icon:after{}#fourk2 i{font-size:50px;line-height:50px;color:#057293}#fourk2 .fourk-icon.hovered i{}#fourk2 i{text-align: center;}#fourk2{margin-bottom: 20px;}#fourk2 .fourk-icon, #fourk2 .fourk-icon + *{cursor: pointer;}<\/style>\n<script>\n\t\t\t\tjQuery(document).ready(function($) {\n\t\t\t\t\t'use strict';\n\t\t\t\t\t$('#fourk2 .fourk-icon, #fourk2 .fourk-icon + *').click(function() {\n\t\t\t\t\t\twindow.open('https:\/\/www.facebook.com\/MasQueDigital', '_blank');\n\t\t\t\t\t});\n\t\t\t\t})\n\t\t\t<\/script><div id='fourk2' class='fourk-icon-container'><div class='fourk-icon none none' data-hover-trigger='icon' ><i class='wb-facebook2'><\/i><\/div><\/div><\/div><\/div><\/div><div  class=\"wpb_column vc_column_container vc_span4\"><div class=\"vc_column-inner  \" ><div class=\"wpb_wrapper\"><style type='text\/css'> @font-face{font-family: 'wb'; src:url('https:\/\/masquedigital.com\/wp-content\/themes\/thefox\/includes\/4k-icons\/icons\/4k-icons-pack05\/icons\/fonts\/wb.eot'); src:url('https:\/\/masquedigital.com\/wp-content\/themes\/thefox\/includes\/4k-icons\/icons\/4k-icons-pack05\/icons\/fonts\/wb.eot?#iefix') format('embedded-opentype'), url('https:\/\/masquedigital.com\/wp-content\/themes\/thefox\/includes\/4k-icons\/icons\/4k-icons-pack05\/icons\/fonts\/wb.woff') format('woff'), url('https:\/\/masquedigital.com\/wp-content\/themes\/thefox\/includes\/4k-icons\/icons\/4k-icons-pack05\/icons\/fonts\/wb.ttf') format('truetype'), url('https:\/\/masquedigital.com\/wp-content\/themes\/thefox\/includes\/4k-icons\/icons\/4k-icons-pack05\/icons\/fonts\/wb.svg#oi') format('svg'); font-weight: normal; font-style: normal;}#fourk3 .wb-linkedin:before{font-family: 'wb'; font-weight: normal; font-style: normal;}#fourk3 .wb-linkedin:before{content: \"\\f166\";}#fourk3{text-align:center}#fourk3 .fourk-icon{background-color: transparent}#fourk3 .fourk-icon:before{}#fourk3 .fourk-icon:after{}#fourk3 i{font-size:50px;line-height:50px;color:#057293}#fourk3 .fourk-icon.hovered i{}#fourk3 i{text-align: center;}#fourk3{margin-bottom: 20px;}#fourk3 .fourk-icon, #fourk3 .fourk-icon + *{cursor: pointer;}<\/style>\n<script>\n\t\t\t\tjQuery(document).ready(function($) {\n\t\t\t\t\t'use strict';\n\t\t\t\t\t$('#fourk3 .fourk-icon, #fourk3 .fourk-icon + *').click(function() {\n\t\t\t\t\t\twindow.open('https:\/\/www.linkedin.com\/company\/masquedigital', '_blank');\n\t\t\t\t\t});\n\t\t\t\t})\n\t\t\t<\/script><div id='fourk3' class='fourk-icon-container'><div class='fourk-icon none none' data-hover-trigger='icon' ><i class='wb-linkedin'><\/i><\/div><\/div><\/div><\/div><\/div><\/div>\n\t\t<\/div> <\/div>\n\t<\/div> \n\n\t<div  class=\"vc_span6 wpb_column vc_column_container \"><div class=\"vc_column-inner vc_custom_1656613891581\">\n\t\t<div class=\"wpb_wrapper\">\n\t\t\t<style type=\"text\/css\" >#rd_y6v6pefffl3y4gyq6mm9 .wpcf7 input[type=submit]{font-size:15px; font-weight:900; border-radius:2px; padding:11px 15px; letter-spacing: 0.5px; margin-top:3px;}#rd_y6v6pefffl3y4gyq6mm9 .wpcf7 input[type=submit]:hover {background:#cad92a; color:#ffffff !important;}#rd_y6v6pefffl3y4gyq6mm9 .wpcf7 input:not([type=submit]):not([type=checkbox]),#rd_y6v6pefffl3y4gyq6mm9 textarea,#rd_y6v6pefffl3y4gyq6mm9 .wpcf7 select{border-radius:0px;}#rd_y6v6pefffl3y4gyq6mm9 .wpcf7 input:not([type=submit]),#rd_y6v6pefffl3y4gyq6mm9 textarea,#rd_y6v6pefffl3y4gyq6mm9 .wpcf7 input[type=submit],#rd_y6v6pefffl3y4gyq6mm9 .wpcf7 select{margin-top:3px;}#rd_y6v6pefffl3y4gyq6mm9 p{margin-bottom:23px;}#rd_y6v6pefffl3y4gyq6mm9 .wpcf7 input:not([type=submit]):not([type=checkbox]),#rd_y6v6pefffl3y4gyq6mm9 .wpcf7  textarea,#rd_y6v6pefffl3y4gyq6mm9 .wpcf7 select{border:1px solid #ecf0f1; background:#ffffff;}#rd_y6v6pefffl3y4gyq6mm9 .wpcf7 input[type=submit]{background:; color: !important;}<\/style><div id=\"rd_y6v6pefffl3y4gyq6mm9\" class=\"\">\n<div class=\"wpcf7 no-js\" id=\"wpcf7-f9561-o1\" lang=\"es-VE\" dir=\"ltr\" data-wpcf7-id=\"9561\">\n<div class=\"screen-reader-response\"><p role=\"status\" aria-live=\"polite\" aria-atomic=\"true\"><\/p> <ul><\/ul><\/div>\n<form action=\"\/en\/wp-json\/wp\/v2\/pages\/419#wpcf7-f9561-o1\" method=\"post\" class=\"wpcf7-form init\" aria-label=\"Formulario de contacto\" novalidate=\"novalidate\" data-status=\"init\">\n<fieldset class=\"hidden-fields-container\"><input type=\"hidden\" name=\"_wpcf7\" value=\"9561\" \/><input type=\"hidden\" name=\"_wpcf7_version\" value=\"6.1.5\" \/><input type=\"hidden\" name=\"_wpcf7_locale\" value=\"es_VE\" \/><input type=\"hidden\" name=\"_wpcf7_unit_tag\" value=\"wpcf7-f9561-o1\" \/><input type=\"hidden\" name=\"_wpcf7_container_post\" value=\"0\" \/><input type=\"hidden\" name=\"_wpcf7_posted_data_hash\" value=\"\" \/><input type=\"hidden\" name=\"_wpcf7_recaptcha_response\" value=\"\" \/>\n<\/fieldset>\n<p><label> Tu nombre<br \/>\n<span class=\"wpcf7-form-control-wrap\" data-name=\"your-name\"><input size=\"40\" maxlength=\"400\" class=\"wpcf7-form-control wpcf7-text wpcf7-validates-as-required\" aria-required=\"true\" aria-invalid=\"false\" value=\"\" type=\"text\" name=\"your-name\" \/><\/span> <\/label>\n<\/p>\n<p><label> Tu correo electr\u00f3nico<br \/>\n<span class=\"wpcf7-form-control-wrap\" data-name=\"your-email\"><input size=\"40\" maxlength=\"400\" class=\"wpcf7-form-control wpcf7-email wpcf7-validates-as-required wpcf7-text wpcf7-validates-as-email\" aria-required=\"true\" aria-invalid=\"false\" value=\"\" type=\"email\" name=\"your-email\" \/><\/span> <\/label>\n<\/p>\n<p><label> Tu mensaje (opcional)<br \/>\n<span class=\"wpcf7-form-control-wrap\" data-name=\"your-message\"><textarea cols=\"40\" rows=\"10\" maxlength=\"2000\" class=\"wpcf7-form-control wpcf7-textarea\" aria-invalid=\"false\" name=\"your-message\"><\/textarea><\/span> <\/label>\n<\/p>\n<p><input class=\"wpcf7-form-control wpcf7-submit has-spinner\" type=\"submit\" value=\"Enviar\" \/>\n<\/p><div class=\"wpcf7-response-output\" aria-hidden=\"true\"><\/div>\n<\/form>\n<\/div>\n<\/div>\n\t\t<\/div> <\/div>\n\t<\/div> \n<div class=\"rd_row_overlay\" style=\"background:rgba(255,255,255,0.85);\"><\/div><\/div><div   class=\"vc_row wpb_row vc_row-fluid vc_custom_1656624939749 full-width-section \">\n\t<div  class=\"vc_span12 wpb_column vc_column_container \"><div class=\"vc_column-inner \">\n\t\t<div class=\"wpb_wrapper\">\n\t\t\t\n\t\t<\/div> <\/div>\n\t<\/div> \n<\/div><div   class=\"vc_row wpb_row vc_row-fluid vc_custom_1654782039347 vc_row-o-content-middle full-width-content \">\n\t<div  class=\"vc_span12 wpb_column vc_column_container \"><div class=\"vc_column-inner \">\n\t\t<div class=\"wpb_wrapper\">\n\t\t\t<div class=\"wpb_gmaps_widget wpb_content_element\"><div class=\"wpb_wrapper\"><div class=\"wpb_map_wraper\"><iframe src=\"https:\/\/www.google.com\/maps\/embed?pb=!1m18!1m12!1m3!1d3923.1257783243013!2d-66.86714922496209!3d10.490749789641212!2m3!1f0!2f0!3f0!3m2!1i1024!2i768!4f13.1!3m3!1m2!1s0x8c2a58fc56f093c1%3A0x313931b562c89861!2sCentro%20Seguros%20Sudam%C3%A9rica!5e0!3m2!1ses!2sve!4v1750860149290!5m2!1ses!2sve\" width=\"600\" height=\"450\" style=\"border:0;\" allowfullscreen=\"\" loading=\"lazy\" referrerpolicy=\"no-referrer-when-downgrade\"><\/iframe><\/div><\/div><\/div>\n\t\t<\/div> <\/div>\n\t<\/div> \n<\/div>\n","protected":false},"excerpt":{"rendered":"<p>Cont\u00e1cta con nosotros Le invitamos a comunicarse con nosotros mediante el formulario de contacto y pronto ser\u00e1 atendido por uno de nuestros ejecutivos comerciales. Tu nombre Tu correo electr\u00f3nico Tu mensaje (opcional)<\/p>","protected":false},"author":1,"featured_media":0,"parent":0,"menu_order":0,"comment_status":"closed","ping_status":"closed","template":"","meta":{"_crdt_document":"","footnotes":""},"class_list":["post-419","page","type-page","status-publish","hentry"],"_links":{"self":[{"href":"https:\/\/masquedigital.com\/en\/wp-json\/wp\/v2\/pages\/419","targetHints":{"allow":["GET"]}}],"collection":[{"href":"https:\/\/masquedigital.com\/en\/wp-json\/wp\/v2\/pages"}],"about":[{"href":"https:\/\/masquedigital.com\/en\/wp-json\/wp\/v2\/types\/page"}],"author":[{"embeddable":true,"href":"https:\/\/masquedigital.com\/en\/wp-json\/wp\/v2\/users\/1"}],"replies":[{"embeddable":true,"href":"https:\/\/masquedigital.com\/en\/wp-json\/wp\/v2\/comments?post=419"}],"version-history":[{"count":59,"href":"https:\/\/masquedigital.com\/en\/wp-json\/wp\/v2\/pages\/419\/revisions"}],"predecessor-version":[{"id":9982,"href":"https:\/\/masquedigital.com\/en\/wp-json\/wp\/v2\/pages\/419\/revisions\/9982"}],"wp:attachment":[{"href":"https:\/\/masquedigital.com\/en\/wp-json\/wp\/v2\/media?parent=419"}],"curies":[{"name":"wp","href":"https:\/\/api.w.org\/{rel}","templated":true}]}}