{"id":295,"date":"2022-06-06T13:07:02","date_gmt":"2022-06-06T13:07:02","guid":{"rendered":"https:\/\/masquedigital.com\/?page_id=295"},"modified":"2022-06-30T11:56:27","modified_gmt":"2022-06-30T11:56:27","slug":"monitoreo-en-plataformas-digitales","status":"publish","type":"page","link":"https:\/\/masquedigital.com\/en\/servicios\/monitoreo-en-plataformas-digitales\/","title":{"rendered":"Monitoreo en Plataformas Digitales"},"content":{"rendered":"<div   class=\"vc_row wpb_row vc_row-fluid vc_custom_1654779911406 vc_row-o-content-middle full-width-section\">\n\t<div  class=\"vc_span6 wpb_column vc_column_container\"><div class=\"vc_column-inner\">\n\t\t<div class=\"wpb_wrapper\">\n\t\t\t\n\t<div class=\"wpb_text_column wpb_content_element   ct_s362xa6r6zlqlw146mp1\" >\n\t\t<div class=\"wpb_wrapper\" >\n\t\t\t<p>Ofrece el <strong>monitoreo constante y en tiempo real<\/strong> <strong>de las menciones a tu marca, empresa y\/o persona<\/strong>, en las distintas plataformas digitales, web y redes sociales. Generamos un reporte oportuno e inmediato, que te permitir\u00e1 conocer y analizar el estatus de tu reputaci\u00f3n, resultando una herramienta id\u00f3nea para la toma de decisiones.<\/p>\n\n\t\t<\/div> <style type=\"text\/css\" >.ct_s362xa6r6zlqlw146mp1 {font-size:24px;}.ct_s362xa6r6zlqlw146mp1 ,.ct_s362xa6r6zlqlw146mp1 p {line-height:30px;}<\/style>\n\t<\/div> \n\t\t<\/div> <\/div>\n\t<\/div> \n\n\t<div  class=\"vc_span6 wpb_column vc_column_container\"><div class=\"vc_column-inner vc_custom_1655931402935\">\n\t\t<div class=\"wpb_wrapper\">\n\t\t\t<div class=\"vc_empty_space\"   style=\"height: 400px\"><span class=\"vc_empty_space_inner\"><\/span><\/div>\n\t\t<\/div> <\/div>\n\t<\/div> \n<\/div><div   class=\"vc_row wpb_row vc_row-fluid vc_custom_1654633984765 full-width-section\">\n\t<div  class=\"vc_span6 wpb_column vc_column_container\"><div class=\"vc_column-inner\">\n\t\t<div class=\"wpb_wrapper\">\n\t\t\t<style type='text\/css'> @font-face{font-family: 'wb'; src:url('https:\/\/masquedigital.com\/wp-content\/themes\/thefox\/includes\/4k-icons\/icons\/4k-icons-pack05\/icons\/fonts\/wb.eot'); src:url('https:\/\/masquedigital.com\/wp-content\/themes\/thefox\/includes\/4k-icons\/icons\/4k-icons-pack05\/icons\/fonts\/wb.eot?#iefix') format('embedded-opentype'), url('https:\/\/masquedigital.com\/wp-content\/themes\/thefox\/includes\/4k-icons\/icons\/4k-icons-pack05\/icons\/fonts\/wb.woff') format('woff'), url('https:\/\/masquedigital.com\/wp-content\/themes\/thefox\/includes\/4k-icons\/icons\/4k-icons-pack05\/icons\/fonts\/wb.ttf') format('truetype'), url('https:\/\/masquedigital.com\/wp-content\/themes\/thefox\/includes\/4k-icons\/icons\/4k-icons-pack05\/icons\/fonts\/wb.svg#oi') format('svg'); font-weight: normal; font-style: normal;}#fourk1 .wb-alert2:before{font-family: 'wb'; font-weight: normal; font-style: normal;}#fourk1 .wb-alert2:before{content: \"\\f2b4\";}#fourk1{text-align:center}#fourk1 .fourk-icon{background-color: transparent}#fourk1 .fourk-icon:before{}#fourk1 .fourk-icon:after{}#fourk1 i{font-size:50px;line-height:50px;color:#ffffff}#fourk1 .fourk-icon.hovered i{}#fourk1 i{text-align: center;}#fourk1{margin-bottom: 20px;}<\/style>\n<div id='fourk1' class='fourk-icon-container'><div class='fourk-icon none none' data-hover-trigger='icon' ><i class='wb-alert2'><\/i><\/div><\/div><h2 style=\"color: #ffffff;text-align: center\" class=\"vc_custom_heading\" >Evaluaci\u00f3n de Difamaciones<\/h2>\n\t\t<\/div> <\/div>\n\t<\/div> \n\n\t<div  class=\"vc_span6 wpb_column vc_column_container\"><div class=\"vc_column-inner\">\n\t\t<div class=\"wpb_wrapper\">\n\t\t\t<style type='text\/css'> @font-face{font-family: 'wb'; src:url('https:\/\/masquedigital.com\/wp-content\/themes\/thefox\/includes\/4k-icons\/icons\/4k-icons-pack05\/icons\/fonts\/wb.eot'); src:url('https:\/\/masquedigital.com\/wp-content\/themes\/thefox\/includes\/4k-icons\/icons\/4k-icons-pack05\/icons\/fonts\/wb.eot?#iefix') format('embedded-opentype'), url('https:\/\/masquedigital.com\/wp-content\/themes\/thefox\/includes\/4k-icons\/icons\/4k-icons-pack05\/icons\/fonts\/wb.woff') format('woff'), url('https:\/\/masquedigital.com\/wp-content\/themes\/thefox\/includes\/4k-icons\/icons\/4k-icons-pack05\/icons\/fonts\/wb.ttf') format('truetype'), url('https:\/\/masquedigital.com\/wp-content\/themes\/thefox\/includes\/4k-icons\/icons\/4k-icons-pack05\/icons\/fonts\/wb.svg#oi') format('svg'); font-weight: normal; font-style: normal;}#fourk2 .wb-law:before{font-family: 'wb'; font-weight: normal; font-style: normal;}#fourk2 .wb-law:before{content: \"\\f263\";}#fourk2{text-align:center}#fourk2 .fourk-icon{background-color: transparent}#fourk2 .fourk-icon:before{}#fourk2 .fourk-icon:after{}#fourk2 i{font-size:50px;line-height:50px;color:#ffffff}#fourk2 .fourk-icon.hovered i{}#fourk2 i{text-align: center;}#fourk2{margin-bottom: 20px;}<\/style>\n<div id='fourk2' class='fourk-icon-container'><div class='fourk-icon none none' data-hover-trigger='icon' ><i class='wb-law'><\/i><\/div><\/div><h2 style=\"color: #ffffff;text-align: center\" class=\"vc_custom_heading\" >Gesti\u00f3n de Denuncias<\/h2>\n\t\t<\/div> <\/div>\n\t<\/div> \n<\/div><div   data-parallax_speed=\"1.5\"  data-vc-parallax-image=\"https:\/\/masquedigital.com\/wp-content\/uploads\/2022\/06\/MasQueDigital-Monitoreo-plataformas-digitales.jpg\"  class=\"vc_row wpb_row vc_row-fluid vc_custom_1655931487077 vc_row-o-content-middle tt_row_has_parallax full-width-section  rd_has_overlay\">\n\t<div  class=\"vc_span6 wpb_column vc_column_container\"><div class=\"vc_column-inner\">\n\t\t<div class=\"wpb_wrapper\">\n\t\t\t<style type='text\/css'> @font-face{font-family: 'bk'; src:url('https:\/\/masquedigital.com\/wp-content\/themes\/thefox\/includes\/4k-icons\/icons\/4k-icons-pack01\/icons\/fonts\/bk.eot'); src:url('https:\/\/masquedigital.com\/wp-content\/themes\/thefox\/includes\/4k-icons\/icons\/4k-icons-pack01\/icons\/fonts\/bk.eot?#iefix') format('embedded-opentype'), url('https:\/\/masquedigital.com\/wp-content\/themes\/thefox\/includes\/4k-icons\/icons\/4k-icons-pack01\/icons\/fonts\/bk.woff') format('woff'), url('https:\/\/masquedigital.com\/wp-content\/themes\/thefox\/includes\/4k-icons\/icons\/4k-icons-pack01\/icons\/fonts\/bk.ttf') format('truetype'), url('https:\/\/masquedigital.com\/wp-content\/themes\/thefox\/includes\/4k-icons\/icons\/4k-icons-pack01\/icons\/fonts\/bk.svg#oi') format('svg'); font-weight: normal; font-style: normal;}#fourk3 .bk-cogs:before{font-family: 'bk'; font-weight: normal; font-style: normal;}#fourk3 .bk-cogs:before{content: \"\\e049\";}#fourk3{text-align:center}#fourk3 .fourk-icon{background-color: transparent}#fourk3 .fourk-icon:before{}#fourk3 .fourk-icon:after{}#fourk3 i{font-size:300px;line-height:300px;color:#0f7692}#fourk3 .fourk-icon.hovered i{}#fourk3 i{text-align: center;}#fourk3{margin-bottom: 20px;}<\/style>\n<div id='fourk3' class='fourk-icon-container'><div class='fourk-icon none none' data-hover-trigger='icon' ><i class='bk-cogs'><\/i><\/div><\/div>\n\t\t<\/div> <\/div>\n\t<\/div> \n\n\t<div  class=\"vc_span6 wpb_column vc_column_container\"><div class=\"vc_column-inner\">\n\t\t<div class=\"wpb_wrapper\">\n\t\t\t\n\t<div class=\"wpb_text_column wpb_content_element   ct_rqgunszygjiayeav3l24\" >\n\t\t<div class=\"wpb_wrapper\" >\n\t\t\t<p>Nuestro servicio de monitoreo en plataformas digitales es una forma efectiva de conocer el progreso digital de tu marca. Incluye la <strong>evaluaci\u00f3n, gesti\u00f3n y denuncias<\/strong> (de ser necesario), de las <em>posibles difamaciones<\/em> que se presenten en deterioro de la imagen de tu marca, en las diferentes plataformas.<\/p>\n\n\t\t<\/div> <style type=\"text\/css\" >.ct_rqgunszygjiayeav3l24 {font-size:24px;}.ct_rqgunszygjiayeav3l24 ,.ct_rqgunszygjiayeav3l24 p {line-height:30px;}<\/style>\n\t<\/div> \n\t\t<\/div> <\/div>\n\t<\/div> \n<div class=\"rd_row_overlay\" style=\"background:rgba(255,255,255,0.8);\"><\/div><\/div><div   class=\"vc_row wpb_row vc_row-fluid vc_custom_1654635795855 vc_row-o-content-middle\">\n\t<div  class=\"vc_span8 wpb_column vc_column_container\"><div class=\"vc_column-inner\">\n\t\t<div class=\"wpb_wrapper\">\n\t\t\t<h3 style=\"font-size: 40px;color: #0f7692;line-height: 1;text-align: left\" class=\"vc_custom_heading\" >\u201cEl concepto m\u00e1s da\u00f1ino: que hablen bien o mal, pero que hablen. El impacto de una mala reputaci\u00f3n es incalculable.\u201d<\/h3>\n\t<div class=\"wpb_text_column wpb_content_element   ct_h3rilppc1tn47daitbl6\" >\n\t\t<div class=\"wpb_wrapper\" >\n\t\t\t<p><strong>Rafael N\u00fa\u00f1ez<\/strong><\/p>\n<p>Director.<\/p>\n\n\t\t<\/div> \n\t<\/div> \n\t\t<\/div> <\/div>\n\t<\/div> \n\n\t<div  class=\"vc_span4 wpb_column vc_column_container\"><div class=\"vc_column-inner\">\n\t\t<div class=\"wpb_wrapper\">\n\t\t\t\n\t<div  class=\"wpb_single_image wpb_content_element vc_align_center  img_add_color\">\n\t\t<div class=\"wpb_wrapper\">\n\t\t\t\n\t\t\t<div class=\"vc_single_image-wrapper vc_box_border_circle  vc_box_border_grey\"><img loading=\"lazy\" decoding=\"async\" class=\"vc_single_image-img\" src=\"https:\/\/masquedigital.com\/wp-content\/uploads\/2022\/06\/Rafael-Nunez-Director-MasQueDigital-350x350.jpg\" width=\"350\" height=\"350\" alt=\"rafael nunez aponte pionero del branding reputaci\u00f3n online y la ciberseguridad en venezuela\" title=\"Rafael Nunez-Director MasQueDigital\" \/><\/div>\n\t\t<\/div>\n\t<\/div>\n\n\t\t<\/div> <\/div>\n\t<\/div> \n<\/div><div   class=\"vc_row wpb_row vc_row-fluid vc_custom_1654792476131 vc_row-o-content-middle full-width-section\">\n\t<div  class=\"vc_span6 wpb_column vc_column_container\"><div class=\"vc_column-inner\">\n\t\t<div class=\"wpb_wrapper\">\n\t\t\t<h2 style=\"font-size: 30px;color: #0f7692;line-height: 1;text-align: left\" class=\"vc_custom_heading\" >Consulta toda la informaci\u00f3n sobre Monitoreo en Plataformas Digitales<\/h2>\n\t\t<\/div> <\/div>\n\t<\/div> \n\n\t<div  class=\"vc_span6 wpb_column vc_column_container rda_zoomIn\"><div class=\"vc_column-inner\">\n\t\t<div class=\"wpb_wrapper\">\n\t\t\t<style type=\"text\/css\" >#b_fdut3u2kyhldu3qk2etl a{color:#ffffff; background:#0f7692; margin-top:0px; margin-bottom:0px;  margin-left:0px; margin-right:0px; font-weight:700; border-radius:50px;}#b_fdut3u2kyhldu3qk2etl a:hover{color:#e2e2e2 ; background:#0c6087 ;}<\/style><div class=\"ta_center tf_btn_pos\" id=\"b_fdut3u2kyhldu3qk2etl\" ><a class=\"rd_normal_bt mediumlarge_rd_bt bt_icon_right\" href=\"\/contacto\/\" target=\"\"   ><span>Cont\u00e1ctanos<\/span><i class=\"ion-ios7-arrow-forward\" ><\/i><\/a><\/div><style type=\"text\/css\" >#b_fdut3u2kyhldu3qk2etl i {color:#ffffff;}#b_fdut3u2kyhldu3qk2etl a:hover i{color:#e2e2e2;}<\/style><style type='text\/css'> @font-face{font-family: 'ion'; src:url('https:\/\/masquedigital.com\/wp-content\/themes\/thefox\/includes\/4k-icons\/icons\/4k-icons-pack03\/icons\/fonts\/ion.eot'); src:url('https:\/\/masquedigital.com\/wp-content\/themes\/thefox\/includes\/4k-icons\/icons\/4k-icons-pack03\/icons\/fonts\/ion.eot?#iefix') format('embedded-opentype'), url('https:\/\/masquedigital.com\/wp-content\/themes\/thefox\/includes\/4k-icons\/icons\/4k-icons-pack03\/icons\/fonts\/ion.woff') format('woff'), url('https:\/\/masquedigital.com\/wp-content\/themes\/thefox\/includes\/4k-icons\/icons\/4k-icons-pack03\/icons\/fonts\/ion.ttf') format('truetype'), url('https:\/\/masquedigital.com\/wp-content\/themes\/thefox\/includes\/4k-icons\/icons\/4k-icons-pack03\/icons\/fonts\/ion.svg#oi') format('svg'); font-weight: normal; font-style: normal;}#b_fdut3u2kyhldu3qk2etl .ion-ios7-arrow-forward:before{font-family: 'ion'; font-weight: normal; font-style: normal;}#b_fdut3u2kyhldu3qk2etl .ion-ios7-arrow-forward:before{content: \"\\e8b6\";}<\/style>\n\n\t\t<\/div> <\/div>\n\t<\/div> \n<\/div>","protected":false},"excerpt":{"rendered":"<p>Ofrece el monitoreo constante y en tiempo real de las menciones a tu marca, empresa y\/o persona, en las distintas plataformas digitales, web y redes sociales. Generamos un reporte oportuno e inmediato, que te permitir\u00e1 conocer y analizar el estatus de tu reputaci\u00f3n, resultando una herramienta id\u00f3nea para la toma de decisiones. Evaluaci\u00f3n de Difamaciones<br \/><a href=\"https:\/\/masquedigital.com\/en\/servicios\/monitoreo-en-plataformas-digitales\/\" class=\"more\">Read more<\/a><\/p>","protected":false},"author":1,"featured_media":0,"parent":285,"menu_order":0,"comment_status":"closed","ping_status":"closed","template":"","meta":{"_crdt_document":"","footnotes":""},"class_list":["post-295","page","type-page","status-publish","hentry"],"_links":{"self":[{"href":"https:\/\/masquedigital.com\/en\/wp-json\/wp\/v2\/pages\/295","targetHints":{"allow":["GET"]}}],"collection":[{"href":"https:\/\/masquedigital.com\/en\/wp-json\/wp\/v2\/pages"}],"about":[{"href":"https:\/\/masquedigital.com\/en\/wp-json\/wp\/v2\/types\/page"}],"author":[{"embeddable":true,"href":"https:\/\/masquedigital.com\/en\/wp-json\/wp\/v2\/users\/1"}],"replies":[{"embeddable":true,"href":"https:\/\/masquedigital.com\/en\/wp-json\/wp\/v2\/comments?post=295"}],"version-history":[{"count":15,"href":"https:\/\/masquedigital.com\/en\/wp-json\/wp\/v2\/pages\/295\/revisions"}],"predecessor-version":[{"id":817,"href":"https:\/\/masquedigital.com\/en\/wp-json\/wp\/v2\/pages\/295\/revisions\/817"}],"up":[{"embeddable":true,"href":"https:\/\/masquedigital.com\/en\/wp-json\/wp\/v2\/pages\/285"}],"wp:attachment":[{"href":"https:\/\/masquedigital.com\/en\/wp-json\/wp\/v2\/media?parent=295"}],"curies":[{"name":"wp","href":"https:\/\/api.w.org\/{rel}","templated":true}]}}