{"id":293,"date":"2022-06-06T13:06:38","date_gmt":"2022-06-06T13:06:38","guid":{"rendered":"https:\/\/masquedigital.com\/?page_id=293"},"modified":"2022-08-12T20:13:24","modified_gmt":"2022-08-12T20:13:24","slug":"social-media","status":"publish","type":"page","link":"https:\/\/masquedigital.com\/en\/servicios\/social-media\/","title":{"rendered":"Social Media"},"content":{"rendered":"<div   class=\"vc_row wpb_row vc_row-fluid vc_custom_1654779911406 vc_row-o-content-middle full-width-section\">\n\t<div  class=\"vc_span6 wpb_column vc_column_container\"><div class=\"vc_column-inner\">\n\t\t<div class=\"wpb_wrapper\">\n\t\t\t\n\t<div class=\"wpb_text_column wpb_content_element   ct_bqkgfrn7vyu6636t3ugy\" >\n\t\t<div class=\"wpb_wrapper\" >\n\t\t\t<p>Nuestro servicio de desarrollo de <strong>Plan de Social Media<\/strong> y <strong>Gesti\u00f3n de redes sociales<\/strong> brinda a tu marca, sea comercial o personal, la oportunidad de tener presencia estrat\u00e9gica y profesional en las redes sociales.<\/p>\n\n\t\t<\/div> <style type=\"text\/css\" >.ct_bqkgfrn7vyu6636t3ugy {font-size:24px;}.ct_bqkgfrn7vyu6636t3ugy ,.ct_bqkgfrn7vyu6636t3ugy p {line-height:30px;}<\/style>\n\t<\/div> \n\t\t<\/div> <\/div>\n\t<\/div> \n\n\t<div  class=\"vc_span6 wpb_column vc_column_container\"><div class=\"vc_column-inner vc_custom_1655929922589\">\n\t\t<div class=\"wpb_wrapper\">\n\t\t\t<div class=\"vc_empty_space\"   style=\"height: 400px\"><span class=\"vc_empty_space_inner\"><\/span><\/div>\n\t\t<\/div> <\/div>\n\t<\/div> \n<\/div><div   class=\"vc_row wpb_row vc_row-fluid vc_custom_1654798139662 full-width-section\">\n\t<div  class=\"vc_span12 wpb_column vc_column_container\"><div class=\"vc_column-inner\">\n\t\t<div class=\"wpb_wrapper\">\n\t\t\t<h2 style=\"color: #ffffff;text-align: center\" class=\"vc_custom_heading\" >Potenciamos y gestionamos los perfiles de tu marca, trazamos el plan que impulse su crecimiento, implementando diferentes tipos de estrategias:<\/h2>\n\t\t<\/div> <\/div>\n\t<\/div> \n<\/div><div   class=\"vc_row wpb_row vc_row-fluid vc_custom_1654798147197 full-width-section\">\n\t<div  class=\"vc_span4 wpb_column vc_column_container\"><div class=\"vc_column-inner\">\n\t\t<div class=\"wpb_wrapper\">\n\t\t\t<style type='text\/css'> @font-face{font-family: 'wb'; src:url('https:\/\/masquedigital.com\/wp-content\/themes\/thefox\/includes\/4k-icons\/icons\/4k-icons-pack05\/icons\/fonts\/wb.eot'); src:url('https:\/\/masquedigital.com\/wp-content\/themes\/thefox\/includes\/4k-icons\/icons\/4k-icons-pack05\/icons\/fonts\/wb.eot?#iefix') format('embedded-opentype'), url('https:\/\/masquedigital.com\/wp-content\/themes\/thefox\/includes\/4k-icons\/icons\/4k-icons-pack05\/icons\/fonts\/wb.woff') format('woff'), url('https:\/\/masquedigital.com\/wp-content\/themes\/thefox\/includes\/4k-icons\/icons\/4k-icons-pack05\/icons\/fonts\/wb.ttf') format('truetype'), url('https:\/\/masquedigital.com\/wp-content\/themes\/thefox\/includes\/4k-icons\/icons\/4k-icons-pack05\/icons\/fonts\/wb.svg#oi') format('svg'); font-weight: normal; font-style: normal;}#fourk1 .wb-insertpictureleft:before{font-family: 'wb'; font-weight: normal; font-style: normal;}#fourk1 .wb-insertpictureleft:before{content: \"\\f1e1\";}#fourk1{text-align:center}#fourk1 .fourk-icon{background-color: transparent}#fourk1 .fourk-icon:before{}#fourk1 .fourk-icon:after{}#fourk1 i{font-size:50px;line-height:50px;color:#ffffff}#fourk1 .fourk-icon.hovered i{}#fourk1 i{text-align: center;}#fourk1{margin-bottom: 20px;}<\/style>\n<div id='fourk1' class='fourk-icon-container'><div class='fourk-icon none none' data-hover-trigger='icon' ><i class='wb-insertpictureleft'><\/i><\/div><\/div><h3 style=\"color: #ffffff;text-align: center\" class=\"vc_custom_heading\" >Contenidos<\/h3>\n\t\t<\/div> <\/div>\n\t<\/div> \n\n\t<div  class=\"vc_span4 wpb_column vc_column_container\"><div class=\"vc_column-inner\">\n\t\t<div class=\"wpb_wrapper\">\n\t\t\t<style type='text\/css'> @font-face{font-family: 'wb'; src:url('https:\/\/masquedigital.com\/wp-content\/themes\/thefox\/includes\/4k-icons\/icons\/4k-icons-pack05\/icons\/fonts\/wb.eot'); src:url('https:\/\/masquedigital.com\/wp-content\/themes\/thefox\/includes\/4k-icons\/icons\/4k-icons-pack05\/icons\/fonts\/wb.eot?#iefix') format('embedded-opentype'), url('https:\/\/masquedigital.com\/wp-content\/themes\/thefox\/includes\/4k-icons\/icons\/4k-icons-pack05\/icons\/fonts\/wb.woff') format('woff'), url('https:\/\/masquedigital.com\/wp-content\/themes\/thefox\/includes\/4k-icons\/icons\/4k-icons-pack05\/icons\/fonts\/wb.ttf') format('truetype'), url('https:\/\/masquedigital.com\/wp-content\/themes\/thefox\/includes\/4k-icons\/icons\/4k-icons-pack05\/icons\/fonts\/wb.svg#oi') format('svg'); font-weight: normal; font-style: normal;}#fourk2 .wb-smile:before{font-family: 'wb'; font-weight: normal; font-style: normal;}#fourk2 .wb-smile:before{content: \"\\263a\";}#fourk2{text-align:center}#fourk2 .fourk-icon{background-color: transparent}#fourk2 .fourk-icon:before{}#fourk2 .fourk-icon:after{}#fourk2 i{font-size:50px;line-height:50px;color:#ffffff}#fourk2 .fourk-icon.hovered i{}#fourk2 i{text-align: center;}#fourk2{margin-bottom: 20px;}<\/style>\n<div id='fourk2' class='fourk-icon-container'><div class='fourk-icon none none' data-hover-trigger='icon' ><i class='wb-smile'><\/i><\/div><\/div><h3 style=\"color: #ffffff;text-align: center\" class=\"vc_custom_heading\" >Influenciadores<\/h3>\n\t\t<\/div> <\/div>\n\t<\/div> \n\n\t<div  class=\"vc_span4 wpb_column vc_column_container\"><div class=\"vc_column-inner\">\n\t\t<div class=\"wpb_wrapper\">\n\t\t\t<style type='text\/css'> @font-face{font-family: 'wb'; src:url('https:\/\/masquedigital.com\/wp-content\/themes\/thefox\/includes\/4k-icons\/icons\/4k-icons-pack05\/icons\/fonts\/wb.eot'); src:url('https:\/\/masquedigital.com\/wp-content\/themes\/thefox\/includes\/4k-icons\/icons\/4k-icons-pack05\/icons\/fonts\/wb.eot?#iefix') format('embedded-opentype'), url('https:\/\/masquedigital.com\/wp-content\/themes\/thefox\/includes\/4k-icons\/icons\/4k-icons-pack05\/icons\/fonts\/wb.woff') format('woff'), url('https:\/\/masquedigital.com\/wp-content\/themes\/thefox\/includes\/4k-icons\/icons\/4k-icons-pack05\/icons\/fonts\/wb.ttf') format('truetype'), url('https:\/\/masquedigital.com\/wp-content\/themes\/thefox\/includes\/4k-icons\/icons\/4k-icons-pack05\/icons\/fonts\/wb.svg#oi') format('svg'); font-weight: normal; font-style: normal;}#fourk3 .wb-megaphone:before{font-family: 'wb'; font-weight: normal; font-style: normal;}#fourk3 .wb-megaphone:before{content: \"\\f287\";}#fourk3{text-align:center}#fourk3 .fourk-icon{background-color: transparent}#fourk3 .fourk-icon:before{}#fourk3 .fourk-icon:after{}#fourk3 i{font-size:50px;line-height:50px;color:#ffffff}#fourk3 .fourk-icon.hovered i{}#fourk3 i{text-align: center;}#fourk3{margin-bottom: 20px;}<\/style>\n<div id='fourk3' class='fourk-icon-container'><div class='fourk-icon none none' data-hover-trigger='icon' ><i class='wb-megaphone'><\/i><\/div><\/div><h3 style=\"color: #ffffff;text-align: center\" class=\"vc_custom_heading\" >Publicidad<\/h3>\n\t\t<\/div> <\/div>\n\t<\/div> \n<\/div><div   data-parallax_speed=\"1.5\"  data-vc-parallax-image=\"https:\/\/masquedigital.com\/wp-content\/uploads\/2022\/06\/MasQueDigital-Plan-Social-Media.jpg\"  class=\"vc_row wpb_row vc_row-fluid vc_custom_1655929830986 vc_row-o-content-middle tt_row_has_parallax full-width-section  rd_has_overlay\">\n\t<div  class=\"vc_span6 wpb_column vc_column_container\"><div class=\"vc_column-inner\">\n\t\t<div class=\"wpb_wrapper\">\n\t\t\t<style type='text\/css'> @font-face{font-family: 'bk'; src:url('https:\/\/masquedigital.com\/wp-content\/themes\/thefox\/includes\/4k-icons\/icons\/4k-icons-pack01\/icons\/fonts\/bk.eot'); src:url('https:\/\/masquedigital.com\/wp-content\/themes\/thefox\/includes\/4k-icons\/icons\/4k-icons-pack01\/icons\/fonts\/bk.eot?#iefix') format('embedded-opentype'), url('https:\/\/masquedigital.com\/wp-content\/themes\/thefox\/includes\/4k-icons\/icons\/4k-icons-pack01\/icons\/fonts\/bk.woff') format('woff'), url('https:\/\/masquedigital.com\/wp-content\/themes\/thefox\/includes\/4k-icons\/icons\/4k-icons-pack01\/icons\/fonts\/bk.ttf') format('truetype'), url('https:\/\/masquedigital.com\/wp-content\/themes\/thefox\/includes\/4k-icons\/icons\/4k-icons-pack01\/icons\/fonts\/bk.svg#oi') format('svg'); font-weight: normal; font-style: normal;}#fourk4 .bk-megaphone:before{font-family: 'bk'; font-weight: normal; font-style: normal;}#fourk4 .bk-megaphone:before{content: \"\\e0b3\";}#fourk4{text-align:center}#fourk4 .fourk-icon{background-color: transparent}#fourk4 .fourk-icon:before{}#fourk4 .fourk-icon:after{}#fourk4 i{font-size:300px;line-height:300px;color:#0f7692}#fourk4 .fourk-icon.hovered i{}#fourk4 i{text-align: center;}#fourk4{margin-bottom: 20px;}<\/style>\n<div id='fourk4' class='fourk-icon-container'><div class='fourk-icon none none' data-hover-trigger='icon' ><i class='bk-megaphone'><\/i><\/div><\/div>\n\t\t<\/div> <\/div>\n\t<\/div> \n\n\t<div  class=\"vc_span6 wpb_column vc_column_container\"><div class=\"vc_column-inner\">\n\t\t<div class=\"wpb_wrapper\">\n\t\t\t\n\t<div class=\"wpb_text_column wpb_content_element   ct_wt9nswpasnim5de9690w\" >\n\t\t<div class=\"wpb_wrapper\" >\n\t\t\t<p>De esta manera, podr\u00e1s impulsar tus objetivos de negocio en las mismas: aumento de seguidores, obtener m\u00e1s interacciones en tus publicaciones (Me Gusta, Comentarios, Guardados, Compartidos, etc.), as\u00ed como impulsar las ventas de tus productos a trav\u00e9s del<a href=\"https:\/\/blog.hootsuite.com\/es\/social-selling-venta-en-redes-sociales\/\" target=\"_blank\" rel=\"noopener\"> <em>social selling<\/em><\/a>.<\/p>\n\n\t\t<\/div> <style type=\"text\/css\" >.ct_wt9nswpasnim5de9690w {font-size:24px;}.ct_wt9nswpasnim5de9690w ,.ct_wt9nswpasnim5de9690w p {line-height:30px;}<\/style>\n\t<\/div> \n\t\t<\/div> <\/div>\n\t<\/div> \n<div class=\"rd_row_overlay\" style=\"background:rgba(255,255,255,0.8);\"><\/div><\/div><div   class=\"vc_row wpb_row vc_row-fluid vc_custom_1654779943856 vc_row-o-content-middle full-width-section\">\n\t<div  class=\"vc_span6 wpb_column vc_column_container\"><div class=\"vc_column-inner\">\n\t\t<div class=\"wpb_wrapper\">\n\t\t\t\n\t<div class=\"wpb_text_column wpb_content_element   ct_8hxek4vdgjezg339ji36\" >\n\t\t<div class=\"wpb_wrapper\" >\n\t\t\t<p>Y sin tener que preocuparte cu\u00e1ndo y qu\u00e9 publicar. Ponemos a tu disposici\u00f3n los servicios de un <strong>Community Manager<\/strong> con formaci\u00f3n y experiencia, para que se ocupe de redactar tu grilla, publicar en el momento adecuado, responder a comentarios y DMs, as\u00ed como estar atento a cualquier indicio de crisis o alerta en tus redes sociales.<\/p>\n\n\t\t<\/div> <style type=\"text\/css\" >.ct_8hxek4vdgjezg339ji36 {font-size:24px;}.ct_8hxek4vdgjezg339ji36 ,.ct_8hxek4vdgjezg339ji36 p {line-height:30px;}<\/style>\n\t<\/div> \n\t\t<\/div> <\/div>\n\t<\/div> \n\n\t<div  class=\"vc_span6 wpb_column vc_column_container\"><div class=\"vc_column-inner\">\n\t\t<div class=\"wpb_wrapper\">\n\t\t\t\n\t<div  class=\"wpb_single_image wpb_content_element vc_align_center\">\n\t\t<div class=\"wpb_wrapper\">\n\t\t\t\n\t\t\t<div class=\"vc_single_image-wrapper   vc_box_border_grey\"><img loading=\"lazy\" decoding=\"async\" class=\"vc_single_image-img\" src=\"https:\/\/masquedigital.com\/wp-content\/uploads\/2022\/06\/MasQueDigital-Cummunity-Manager-400x400.jpg\" width=\"400\" height=\"400\" alt=\"M\u00e1sQueDigital-Cummunity-Manager\" title=\"M\u00e1sQueDigital-Cummunity-Manager\" \/><\/div>\n\t\t<\/div>\n\t<\/div>\n\n\t\t<\/div> <\/div>\n\t<\/div> \n<\/div><div   class=\"vc_row wpb_row vc_row-fluid vc_custom_1654635795855 vc_row-o-content-middle\">\n\t<div  class=\"vc_span8 wpb_column vc_column_container\"><div class=\"vc_column-inner\">\n\t\t<div class=\"wpb_wrapper\">\n\t\t\t<h3 style=\"font-size: 40px;color: #0f7692;line-height: 1;text-align: left\" class=\"vc_custom_heading\" >\u201cEstar en las redes sociales es una necesidad cada vez m\u00e1s imperante para las empresas y personas. Pero, m\u00e1s importante a\u00fan, es saber estar.\u201d<\/h3>\n\t<div class=\"wpb_text_column wpb_content_element   ct_y59djiz7i36jj4ocpcrx\" >\n\t\t<div class=\"wpb_wrapper\" >\n\t\t\t<p><strong>Rafael N\u00fa\u00f1ez<\/strong><\/p>\n<p>Director.<\/p>\n\n\t\t<\/div> \n\t<\/div> \n\t\t<\/div> <\/div>\n\t<\/div> \n\n\t<div  class=\"vc_span4 wpb_column vc_column_container\"><div class=\"vc_column-inner\">\n\t\t<div class=\"wpb_wrapper\">\n\t\t\t\n\t<div  class=\"wpb_single_image wpb_content_element vc_align_center  img_add_color\">\n\t\t<div class=\"wpb_wrapper\">\n\t\t\t\n\t\t\t<div class=\"vc_single_image-wrapper vc_box_border_circle  vc_box_border_grey\"><img loading=\"lazy\" decoding=\"async\" class=\"vc_single_image-img\" src=\"https:\/\/masquedigital.com\/wp-content\/uploads\/2022\/06\/Rafael-Nunez-Director-MasQueDigital-350x350.jpg\" width=\"350\" height=\"350\" alt=\"rafael nunez aponte pionero del branding reputaci\u00f3n online y la ciberseguridad en venezuela\" title=\"Rafael Nunez-Director MasQueDigital\" \/><\/div>\n\t\t<\/div>\n\t<\/div>\n\n\t\t<\/div> <\/div>\n\t<\/div> \n<\/div><div   class=\"vc_row wpb_row vc_row-fluid vc_custom_1654792476131 vc_row-o-content-middle full-width-section\">\n\t<div  class=\"vc_span6 wpb_column vc_column_container\"><div class=\"vc_column-inner\">\n\t\t<div class=\"wpb_wrapper\">\n\t\t\t<h2 style=\"font-size: 30px;color: #0f7692;line-height: 1;text-align: left\" class=\"vc_custom_heading\" >Consulta toda la informaci\u00f3n sobre Social Media<\/h2>\n\t\t<\/div> <\/div>\n\t<\/div> \n\n\t<div  class=\"vc_span6 wpb_column vc_column_container rda_zoomIn\"><div class=\"vc_column-inner\">\n\t\t<div class=\"wpb_wrapper\">\n\t\t\t<style type=\"text\/css\" >#b_isj6hb2kusqt7mvw9dtw a{color:#ffffff; background:#0f7692; margin-top:0px; margin-bottom:0px;  margin-left:0px; margin-right:0px; font-weight:700; border-radius:50px;}#b_isj6hb2kusqt7mvw9dtw a:hover{color:#e2e2e2 ; background:#0c6087 ;}<\/style><div class=\"ta_center tf_btn_pos\" id=\"b_isj6hb2kusqt7mvw9dtw\" ><a class=\"rd_normal_bt mediumlarge_rd_bt bt_icon_right\" href=\"\/contacto\/\" target=\"\"   ><span>Cont\u00e1ctanos<\/span><i class=\"ion-ios7-arrow-forward\" ><\/i><\/a><\/div><style type=\"text\/css\" >#b_isj6hb2kusqt7mvw9dtw i {color:#ffffff;}#b_isj6hb2kusqt7mvw9dtw a:hover i{color:#e2e2e2;}<\/style><style type='text\/css'> @font-face{font-family: 'ion'; src:url('https:\/\/masquedigital.com\/wp-content\/themes\/thefox\/includes\/4k-icons\/icons\/4k-icons-pack03\/icons\/fonts\/ion.eot'); src:url('https:\/\/masquedigital.com\/wp-content\/themes\/thefox\/includes\/4k-icons\/icons\/4k-icons-pack03\/icons\/fonts\/ion.eot?#iefix') format('embedded-opentype'), url('https:\/\/masquedigital.com\/wp-content\/themes\/thefox\/includes\/4k-icons\/icons\/4k-icons-pack03\/icons\/fonts\/ion.woff') format('woff'), url('https:\/\/masquedigital.com\/wp-content\/themes\/thefox\/includes\/4k-icons\/icons\/4k-icons-pack03\/icons\/fonts\/ion.ttf') format('truetype'), url('https:\/\/masquedigital.com\/wp-content\/themes\/thefox\/includes\/4k-icons\/icons\/4k-icons-pack03\/icons\/fonts\/ion.svg#oi') format('svg'); font-weight: normal; font-style: normal;}#b_isj6hb2kusqt7mvw9dtw .ion-ios7-arrow-forward:before{font-family: 'ion'; font-weight: normal; font-style: normal;}#b_isj6hb2kusqt7mvw9dtw .ion-ios7-arrow-forward:before{content: \"\\e8b6\";}<\/style>\n\n\t\t<\/div> <\/div>\n\t<\/div> \n<\/div>","protected":false},"excerpt":{"rendered":"<p>Nuestro servicio de desarrollo de Plan de Social Media y Gesti\u00f3n de redes sociales brinda a tu marca, sea comercial o personal, la oportunidad de tener presencia estrat\u00e9gica y profesional en las redes sociales. Potenciamos y gestionamos los perfiles de tu marca, trazamos el plan que impulse su crecimiento, implementando diferentes tipos de estrategias: Contenidos<br \/><a href=\"https:\/\/masquedigital.com\/en\/servicios\/social-media\/\" class=\"more\">Read more<\/a><\/p>","protected":false},"author":1,"featured_media":0,"parent":285,"menu_order":0,"comment_status":"closed","ping_status":"closed","template":"","meta":{"_crdt_document":"","footnotes":""},"class_list":["post-293","page","type-page","status-publish","hentry"],"_links":{"self":[{"href":"https:\/\/masquedigital.com\/en\/wp-json\/wp\/v2\/pages\/293","targetHints":{"allow":["GET"]}}],"collection":[{"href":"https:\/\/masquedigital.com\/en\/wp-json\/wp\/v2\/pages"}],"about":[{"href":"https:\/\/masquedigital.com\/en\/wp-json\/wp\/v2\/types\/page"}],"author":[{"embeddable":true,"href":"https:\/\/masquedigital.com\/en\/wp-json\/wp\/v2\/users\/1"}],"replies":[{"embeddable":true,"href":"https:\/\/masquedigital.com\/en\/wp-json\/wp\/v2\/comments?post=293"}],"version-history":[{"count":15,"href":"https:\/\/masquedigital.com\/en\/wp-json\/wp\/v2\/pages\/293\/revisions"}],"predecessor-version":[{"id":9493,"href":"https:\/\/masquedigital.com\/en\/wp-json\/wp\/v2\/pages\/293\/revisions\/9493"}],"up":[{"embeddable":true,"href":"https:\/\/masquedigital.com\/en\/wp-json\/wp\/v2\/pages\/285"}],"wp:attachment":[{"href":"https:\/\/masquedigital.com\/en\/wp-json\/wp\/v2\/media?parent=293"}],"curies":[{"name":"wp","href":"https:\/\/api.w.org\/{rel}","templated":true}]}}