{"id":124,"date":"2022-05-26T18:44:15","date_gmt":"2022-05-26T18:44:15","guid":{"rendered":"https:\/\/masquedigital.com\/?page_id=124"},"modified":"2022-11-14T13:31:09","modified_gmt":"2022-11-14T13:31:09","slug":"nosotros-masquedigital","status":"publish","type":"page","link":"https:\/\/masquedigital.com\/en\/nosotros-masquedigital\/","title":{"rendered":"Nosotros"},"content":{"rendered":"<div   class=\"vc_row wpb_row vc_row-fluid padding-xl vc_custom_1656450993518 vc_row-o-content-middle full-width-section\">\n\t<div  class=\"vc_span6 wpb_column vc_column_container\"><div class=\"vc_column-inner\">\n\t\t<div class=\"wpb_wrapper\">\n\t\t\t<h2 style=\"font-size: 30px;color: #057293;line-height: 1;text-align: left\" class=\"vc_custom_heading\" >Son m\u00e1s de 12 a\u00f1os de \u00e9xitos, sumando adem\u00e1s la trayectoria de nuestro equipo y como dice nuestro lema: #ContigoSomosM\u00e1s<\/h2>\n\t\t<\/div> <\/div>\n\t<\/div> \n\n\t<div  class=\"vc_span6 wpb_column vc_column_container\"><div class=\"vc_column-inner vc_custom_1655740990759\">\n\t\t<div class=\"wpb_wrapper\">\n\t\t\t\n\t<div class=\"wpb_text_column wpb_content_element   ct_tfj4dr2affdygstkvk9r\" >\n\t\t<div class=\"wpb_wrapper\" >\n\t\t\t<p>Bienvenidos a <strong>M\u00e1sQueDigital<\/strong>, empresa pionera y l\u00edder en Venezuela de posicionamiento en Google y otras plataformas digitales. Nos dedicamos a la construcci\u00f3n y cuidado de la imagen de tu marca comercial o personal en los entornos digitales.<\/p>\n<p>Fundada en 2010, por Rafael N\u00fa\u00f1ez, M\u00e1sQueDigital ha recorrido un largo camino desde sus inicios en Venezuela, siendo hoy en d\u00eda reconocida internacionalmente. Cuando Rafael empez\u00f3, su pasi\u00f3n por el tema de la imagen y reputaci\u00f3n online lo llev\u00f3 a reunir el mejor equipo de especialistas en e-Branding, personal branding, marketing digital, posicionamiento SEO, dise\u00f1o web y social media, para lograr que t\u00fa y tu marca aparezcan de primeros en los resultados de Google.<\/p>\n\n\t\t<\/div> \n\t<\/div> \n\t\t<\/div> <\/div>\n\t<\/div> \n<\/div><div   data-parallax_speed=\"1.5\"  data-vc-parallax-image=\"https:\/\/masquedigital.com\/wp-content\/uploads\/2022\/06\/Look-and-feel-MQD-propuesta-head.jpg\"  class=\"vc_row wpb_row vc_row-fluid padding-xl vc_custom_1656510710507 vc_row-o-content-middle tt_row_has_parallax full-width-section  rd_has_overlay\">\n\t<div  class=\"vc_span6 wpb_column vc_column_container rda_fadeInLeft\"><div class=\"vc_column-inner\">\n\t\t<div class=\"wpb_wrapper\">\n\t\t\t\n\t<div class=\"wpb_text_column wpb_content_element   ct_nlnaeu18znjke2jnpuvk\" >\n\t\t<div class=\"wpb_wrapper\" >\n\t\t\t<p><strong><span class=\"NormalTextRun SCXW74667187 BCX0\">\u00bfQu\u00e9 podemos hacer por ti?<\/span><\/strong><\/p>\n\n\t\t<\/div> <style type=\"text\/css\" >.ct_nlnaeu18znjke2jnpuvk {font-size:24px;}.ct_nlnaeu18znjke2jnpuvk ,.ct_nlnaeu18znjke2jnpuvk p {line-height:30px;}<\/style>\n\t<\/div> \n\t<div class=\"wpb_text_column wpb_content_element   ct_uzmu3reyodplhprvxvow\" >\n\t\t<div class=\"wpb_wrapper\" >\n\t\t\t<p>En <strong>M\u00e1sQueDigital<\/strong> construimos y cuidamos tu reputaci\u00f3n digital como si fuera la nuestra.<\/p>\n<p>Las tecnolog\u00edas digitales han crecido exponencialmente y su uso se ha globalizado. La conectividad ubicua y continua llega a gran parte de la humanidad, gracias a la masificaci\u00f3n del uso de tel\u00e9fonos inteligentes y al consiguiente acceso a la informaci\u00f3n, a las redes sociales y al entretenimiento audiovisual.<\/p>\n<p>Dado este auge reciente que han experimentado el internet y las redes sociales, la reputaci\u00f3n online \u2014la cual tiene que ver con la percepci\u00f3n que el p\u00fablico tiene sobre tu marca\u2014 es un tema cada vez de mayor importancia para las personas y las empresas, ya que personas inescrupulosas pueden aprovechar estos espacios para da\u00f1ar a terceros.<\/p>\n<p>Construir, gestionar y proteger esta reputaci\u00f3n no es tarea sencilla, pero, en M\u00e1sQueDigital \u2014como pioneros en posicionamiento SEO en Google y otras plataformas digitales de marcas, personales y comerciales\u2014 aplicamos t\u00e9cnicas y estrategias innovadoras para atender los requerimientos de nuestros clientes.<\/p>\n<p>M\u00e1sQueDigital conscientes no solo de las ventajas que nos ofrecen las nuevas tecnolog\u00edas, sino tambi\u00e9n del impacto negativo que estas pudieran ocasionar, contamos con el respaldo y asesor\u00eda de M\u00e1sQueSeguridad, empresa del Grupo, especializada en seguridad de la informaci\u00f3n.<\/p>\n\n\t\t<\/div> \n\t<\/div> \n\t\t<\/div> <\/div>\n\t<\/div> \n\n\t<div  class=\"vc_span6 wpb_column vc_column_container rda_fadeInRight\"><div class=\"vc_column-inner\">\n\t\t<div class=\"wpb_wrapper\">\n\t\t\t\n\t<div  class=\"wpb_single_image wpb_content_element vc_align_center rda_flipInY\">\n\t\t<div class=\"wpb_wrapper\">\n\t\t\t\n\t\t\t<div class=\"vc_single_image-wrapper   vc_box_border_grey\"><img loading=\"lazy\" decoding=\"async\" class=\"vc_single_image-img\" src=\"https:\/\/masquedigital.com\/wp-content\/uploads\/2022\/06\/Rafael-Nunez-director-MasQueDigital-1-400x600.jpg\" width=\"400\" height=\"600\" alt=\"empresario venezolano rafael nunez aponte\" title=\"Rafael-Nunez-director-MasQueDigital\" \/><\/div>\n\t\t<\/div>\n\t<\/div>\n\n\t\t<\/div> <\/div>\n\t<\/div> \n<div class=\"rd_row_overlay\" style=\"background:rgba(255,255,255,0.86);\"><\/div><\/div><div   class=\"vc_row wpb_row vc_row-fluid clase-triangulo-uno vc_custom_1654777739001 vc_row-o-content-middle full-width-content\" style=\"color:#057293;\">\n\t<div  class=\"vc_span8 wpb_column vc_column_container rda_fadeInLeft\" style=\"color:#057293;\"><div class=\"vc_column-inner\">\n\t\t<div class=\"wpb_wrapper\">\n\t\t\t\n\t<div class=\"wpb_text_column wpb_content_element   ct_4b638lgnobazfr8jm3xp\" >\n\t\t<div class=\"wpb_wrapper\" >\n\t\t\t<p><strong>Misi\u00f3n<\/strong><\/p>\n<p>Siendo pioneros y l\u00edderes del posicionamiento reputacional en Venezuela, nuestra misi\u00f3n es cuidar continuamente la imagen digital del cliente, mediante el uso de tecnolog\u00edas de vanguardia y equipo humano especializado, que permitan ubicarlo en las primeras p\u00e1ginas de Google y de otras plataformas digitales.<\/p>\n\n\t\t<\/div> <style type=\"text\/css\" >.ct_4b638lgnobazfr8jm3xp {font-size:26px;}.ct_4b638lgnobazfr8jm3xp ,.ct_4b638lgnobazfr8jm3xp p {line-height:30px;}<\/style>\n\t<\/div> \n\t\t<\/div> <\/div>\n\t<\/div> \n\n\t<div  class=\"vc_span4 wpb_column vc_column_container\"><div class=\"vc_column-inner\">\n\t\t<div class=\"wpb_wrapper\">\n\t\t\t\n\t\t<\/div> <\/div>\n\t<\/div> \n<\/div><div   class=\"vc_row wpb_row vc_row-fluid clase-triangulo-dos vc_custom_1654777750785 vc_row-o-content-middle full-width-content\" style=\"color:#cad92a;\">\n\t<div  class=\"vc_span4 wpb_column vc_column_container\"><div class=\"vc_column-inner\">\n\t\t<div class=\"wpb_wrapper\">\n\t\t\t\n\t\t<\/div> <\/div>\n\t<\/div> \n\n\t<div  class=\"vc_span8 wpb_column vc_column_container rda_fadeInRight\"><div class=\"vc_column-inner\">\n\t\t<div class=\"wpb_wrapper\">\n\t\t\t\n\t<div class=\"wpb_text_column wpb_content_element   ct_s1lq9pr9sumqwvhcae4l\" >\n\t\t<div class=\"wpb_wrapper\" >\n\t\t\t<p style=\"text-align: right;\"><strong>Visi\u00f3n<\/strong><\/p>\n<p style=\"text-align: right;\">Ser reconocidos como lideres en Latinoam\u00e9rica en la gesti\u00f3n de la reputaci\u00f3n digital, a trav\u00e9s del posicionamiento en Google y otras plataformas digitales, utilizando las t\u00e9cnicas de vanguardia que permitan que nuestros clientes alcancen sus objetivos.<\/p>\n\n\t\t<\/div> <style type=\"text\/css\" >.ct_s1lq9pr9sumqwvhcae4l {font-size:26px;}.ct_s1lq9pr9sumqwvhcae4l ,.ct_s1lq9pr9sumqwvhcae4l p {line-height:30px;}<\/style>\n\t<\/div> \n\t\t<\/div> <\/div>\n\t<\/div> \n<\/div><div   class=\"vc_row wpb_row vc_row-fluid vc_custom_1654099068584\">\n\t<div  class=\"vc_span12 wpb_column vc_column_container\"><div class=\"vc_column-inner\">\n\t\t<div class=\"wpb_wrapper\">\n\t\t\t<h2 style=\"font-size: 70px;color: #057293;line-height: 1;text-align: left\" class=\"vc_custom_heading\" >Nuestra naturaleza<br \/>\nes cuidar<\/h2>\n\t\t<\/div> <\/div>\n\t<\/div> \n<\/div><div   class=\"vc_row wpb_row vc_row-fluid padding-xl vc_custom_1655823727192 vc_row-o-content-middle full-width-content\">\n\t<div  class=\"vc_span12 wpb_column vc_column_container\"><div class=\"vc_column-inner\">\n\t\t<div class=\"wpb_wrapper\">\n\t\t\t<h2 style=\"font-size: 30px;color: #057293;line-height: 1;text-align: center\" class=\"vc_custom_heading\" >Valores<\/h2><div class=\"vc_row wpb_row vc_inner vc_row-fluid vc_custom_1653935440430\"><div  class=\"wpb_column vc_column_container vc_span3\"><div class=\"vc_column-inner rda_fadeInDown\" ><div class=\"wpb_wrapper\"><style type=\"text\/css\" >#rand_47rsu63bamtlgrl9dthj {margin-top:0px; margin-bottom:0px; }<\/style><style type='text\/css'> @font-face{font-family: 'bk'; src:url('https:\/\/masquedigital.com\/wp-content\/themes\/thefox\/includes\/4k-icons\/icons\/4k-icons-pack01\/icons\/fonts\/bk.eot'); src:url('https:\/\/masquedigital.com\/wp-content\/themes\/thefox\/includes\/4k-icons\/icons\/4k-icons-pack01\/icons\/fonts\/bk.eot?#iefix') format('embedded-opentype'), url('https:\/\/masquedigital.com\/wp-content\/themes\/thefox\/includes\/4k-icons\/icons\/4k-icons-pack01\/icons\/fonts\/bk.woff') format('woff'), url('https:\/\/masquedigital.com\/wp-content\/themes\/thefox\/includes\/4k-icons\/icons\/4k-icons-pack01\/icons\/fonts\/bk.ttf') format('truetype'), url('https:\/\/masquedigital.com\/wp-content\/themes\/thefox\/includes\/4k-icons\/icons\/4k-icons-pack01\/icons\/fonts\/bk.svg#oi') format('svg'); font-weight: normal; font-style: normal;}#rand_47rsu63bamtlgrl9dthj .bk-diamond:before{font-family: 'bk'; font-weight: normal; font-style: normal;}#rand_47rsu63bamtlgrl9dthj .bk-diamond:before{content: \"\\e0bf\";}<\/style>\n<style type=\"text\/css\" >#rand_47rsu63bamtlgrl9dthj:hover i{color:#057293!important;}#rand_47rsu63bamtlgrl9dthj:hover h3{color:#cad92a!important;}#rand_47rsu63bamtlgrl9dthj:hover p{color:!important;}#rand_47rsu63bamtlgrl9dthj:hover .icon_box_button{color:#2d3e50!important;}<\/style><div id=\"rand_47rsu63bamtlgrl9dthj\" class=\"icon_box\"><i class=\"bk-diamond\" style=\"color:#cad92a;\"><\/i><h3 class=\"mi_heading\" style=\"color:#057293;\">Responsabilidad<\/h3><p style=\"color:#282828\"><\/p><\/div><\/div><\/div><\/div><div  class=\"wpb_column vc_column_container vc_span3\"><div class=\"vc_column-inner rda_fadeInDown\" ><div class=\"wpb_wrapper\"><style type=\"text\/css\" >#rand_09m9zbcg49mc8fp9z8v0 {margin-top:0px; margin-bottom:0px; }<\/style><style type='text\/css'> @font-face{font-family: 'bk'; src:url('https:\/\/masquedigital.com\/wp-content\/themes\/thefox\/includes\/4k-icons\/icons\/4k-icons-pack01\/icons\/fonts\/bk.eot'); src:url('https:\/\/masquedigital.com\/wp-content\/themes\/thefox\/includes\/4k-icons\/icons\/4k-icons-pack01\/icons\/fonts\/bk.eot?#iefix') format('embedded-opentype'), url('https:\/\/masquedigital.com\/wp-content\/themes\/thefox\/includes\/4k-icons\/icons\/4k-icons-pack01\/icons\/fonts\/bk.woff') format('woff'), url('https:\/\/masquedigital.com\/wp-content\/themes\/thefox\/includes\/4k-icons\/icons\/4k-icons-pack01\/icons\/fonts\/bk.ttf') format('truetype'), url('https:\/\/masquedigital.com\/wp-content\/themes\/thefox\/includes\/4k-icons\/icons\/4k-icons-pack01\/icons\/fonts\/bk.svg#oi') format('svg'); font-weight: normal; font-style: normal;}#rand_09m9zbcg49mc8fp9z8v0 .bk-coffee:before{font-family: 'bk'; font-weight: normal; font-style: normal;}#rand_09m9zbcg49mc8fp9z8v0 .bk-coffee:before{content: \"\\e036\";}<\/style>\n<style type=\"text\/css\" >#rand_09m9zbcg49mc8fp9z8v0:hover i{color:#057293!important;}#rand_09m9zbcg49mc8fp9z8v0:hover h3{color:#cad92a!important;}#rand_09m9zbcg49mc8fp9z8v0:hover p{color:!important;}#rand_09m9zbcg49mc8fp9z8v0:hover .icon_box_button{color:#2d3e50!important;}<\/style><div id=\"rand_09m9zbcg49mc8fp9z8v0\" class=\"icon_box\"><i class=\"bk-coffee\" style=\"color:#cad92a;\"><\/i><h3 class=\"mi_heading\" style=\"color:#057293;\">Cordialidad<\/h3><p style=\"color:#282828\"><\/p><\/div><\/div><\/div><\/div><div  class=\"wpb_column vc_column_container vc_span3\"><div class=\"vc_column-inner rda_fadeInDown\" ><div class=\"wpb_wrapper\"><style type=\"text\/css\" >#rand_u7ei87bo3eyma4e9m3uw {margin-top:0px; margin-bottom:0px; }<\/style><style type='text\/css'> @font-face{font-family: 'bk'; src:url('https:\/\/masquedigital.com\/wp-content\/themes\/thefox\/includes\/4k-icons\/icons\/4k-icons-pack01\/icons\/fonts\/bk.eot'); src:url('https:\/\/masquedigital.com\/wp-content\/themes\/thefox\/includes\/4k-icons\/icons\/4k-icons-pack01\/icons\/fonts\/bk.eot?#iefix') format('embedded-opentype'), url('https:\/\/masquedigital.com\/wp-content\/themes\/thefox\/includes\/4k-icons\/icons\/4k-icons-pack01\/icons\/fonts\/bk.woff') format('woff'), url('https:\/\/masquedigital.com\/wp-content\/themes\/thefox\/includes\/4k-icons\/icons\/4k-icons-pack01\/icons\/fonts\/bk.ttf') format('truetype'), url('https:\/\/masquedigital.com\/wp-content\/themes\/thefox\/includes\/4k-icons\/icons\/4k-icons-pack01\/icons\/fonts\/bk.svg#oi') format('svg'); font-weight: normal; font-style: normal;}#rand_u7ei87bo3eyma4e9m3uw .bk-justice:before{font-family: 'bk'; font-weight: normal; font-style: normal;}#rand_u7ei87bo3eyma4e9m3uw .bk-justice:before{content: \"\\e0ed\";}<\/style>\n<style type=\"text\/css\" >#rand_u7ei87bo3eyma4e9m3uw:hover i{color:#057293!important;}#rand_u7ei87bo3eyma4e9m3uw:hover h3{color:#cad92a!important;}#rand_u7ei87bo3eyma4e9m3uw:hover p{color:!important;}#rand_u7ei87bo3eyma4e9m3uw:hover .icon_box_button{color:#2d3e50!important;}<\/style><div id=\"rand_u7ei87bo3eyma4e9m3uw\" class=\"icon_box\"><i class=\"bk-justice\" style=\"color:#cad92a;\"><\/i><h3 class=\"mi_heading\" style=\"color:#057293;\">Honestidad<\/h3><p style=\"color:#282828\"><\/p><\/div><\/div><\/div><\/div><div  class=\"wpb_column vc_column_container vc_span3\"><div class=\"vc_column-inner rda_fadeInDown\" ><div class=\"wpb_wrapper\"><style type=\"text\/css\" >#rand_0twuz9ua286kduvh69t4 {margin-top:0px; margin-bottom:0px; }<\/style><style type='text\/css'> @font-face{font-family: 'bk'; src:url('https:\/\/masquedigital.com\/wp-content\/themes\/thefox\/includes\/4k-icons\/icons\/4k-icons-pack01\/icons\/fonts\/bk.eot'); src:url('https:\/\/masquedigital.com\/wp-content\/themes\/thefox\/includes\/4k-icons\/icons\/4k-icons-pack01\/icons\/fonts\/bk.eot?#iefix') format('embedded-opentype'), url('https:\/\/masquedigital.com\/wp-content\/themes\/thefox\/includes\/4k-icons\/icons\/4k-icons-pack01\/icons\/fonts\/bk.woff') format('woff'), url('https:\/\/masquedigital.com\/wp-content\/themes\/thefox\/includes\/4k-icons\/icons\/4k-icons-pack01\/icons\/fonts\/bk.ttf') format('truetype'), url('https:\/\/masquedigital.com\/wp-content\/themes\/thefox\/includes\/4k-icons\/icons\/4k-icons-pack01\/icons\/fonts\/bk.svg#oi') format('svg'); font-weight: normal; font-style: normal;}#rand_0twuz9ua286kduvh69t4 .bk-hand:before{font-family: 'bk'; font-weight: normal; font-style: normal;}#rand_0twuz9ua286kduvh69t4 .bk-hand:before{content: \"\\e08f\";}<\/style>\n<style type=\"text\/css\" >#rand_0twuz9ua286kduvh69t4:hover i{color:#057293!important;}#rand_0twuz9ua286kduvh69t4:hover h3{color:#cad92a!important;}#rand_0twuz9ua286kduvh69t4:hover p{color:!important;}#rand_0twuz9ua286kduvh69t4:hover .icon_box_button{color:#2d3e50!important;}<\/style><div id=\"rand_0twuz9ua286kduvh69t4\" class=\"icon_box\"><i class=\"bk-hand\" style=\"color:#cad92a;\"><\/i><h3 class=\"mi_heading\" style=\"color:#057293;\">Confianza<\/h3><p style=\"color:#282828\"><\/p><\/div><\/div><\/div><\/div><\/div><div class=\"vc_row wpb_row vc_inner vc_row-fluid vc_custom_1653935448717\"><div  class=\"wpb_column vc_column_container vc_span3\"><div class=\"vc_column-inner rda_fadeInUp\" ><div class=\"wpb_wrapper\"><style type=\"text\/css\" >#rand_edot4b6e87nxbiks6z3q {margin-top:0px; margin-bottom:0px; }<\/style><style type='text\/css'> @font-face{font-family: 'bk'; src:url('https:\/\/masquedigital.com\/wp-content\/themes\/thefox\/includes\/4k-icons\/icons\/4k-icons-pack01\/icons\/fonts\/bk.eot'); src:url('https:\/\/masquedigital.com\/wp-content\/themes\/thefox\/includes\/4k-icons\/icons\/4k-icons-pack01\/icons\/fonts\/bk.eot?#iefix') format('embedded-opentype'), url('https:\/\/masquedigital.com\/wp-content\/themes\/thefox\/includes\/4k-icons\/icons\/4k-icons-pack01\/icons\/fonts\/bk.woff') format('woff'), url('https:\/\/masquedigital.com\/wp-content\/themes\/thefox\/includes\/4k-icons\/icons\/4k-icons-pack01\/icons\/fonts\/bk.ttf') format('truetype'), url('https:\/\/masquedigital.com\/wp-content\/themes\/thefox\/includes\/4k-icons\/icons\/4k-icons-pack01\/icons\/fonts\/bk.svg#oi') format('svg'); font-weight: normal; font-style: normal;}#rand_edot4b6e87nxbiks6z3q .bk-lab:before{font-family: 'bk'; font-weight: normal; font-style: normal;}#rand_edot4b6e87nxbiks6z3q .bk-lab:before{content: \"\\e07e\";}<\/style>\n<style type=\"text\/css\" >#rand_edot4b6e87nxbiks6z3q:hover i{color:#057293!important;}#rand_edot4b6e87nxbiks6z3q:hover h3{color:#cad92a!important;}#rand_edot4b6e87nxbiks6z3q:hover p{color:!important;}#rand_edot4b6e87nxbiks6z3q:hover .icon_box_button{color:#2d3e50!important;}<\/style><div id=\"rand_edot4b6e87nxbiks6z3q\" class=\"icon_box\"><i class=\"bk-lab\" style=\"color:#cad92a;\"><\/i><h3 class=\"mi_heading\" style=\"color:#057293;\">Innovaci\u00f3n<\/h3><p style=\"color:#282828\"><\/p><\/div><\/div><\/div><\/div><div  class=\"wpb_column vc_column_container vc_span3\"><div class=\"vc_column-inner rda_fadeInUp\" ><div class=\"wpb_wrapper\"><style type=\"text\/css\" >#rand_4tuziwkh3ujkw7lsmohg {margin-top:0px; margin-bottom:0px; }<\/style><style type='text\/css'> @font-face{font-family: 'bk'; src:url('https:\/\/masquedigital.com\/wp-content\/themes\/thefox\/includes\/4k-icons\/icons\/4k-icons-pack01\/icons\/fonts\/bk.eot'); src:url('https:\/\/masquedigital.com\/wp-content\/themes\/thefox\/includes\/4k-icons\/icons\/4k-icons-pack01\/icons\/fonts\/bk.eot?#iefix') format('embedded-opentype'), url('https:\/\/masquedigital.com\/wp-content\/themes\/thefox\/includes\/4k-icons\/icons\/4k-icons-pack01\/icons\/fonts\/bk.woff') format('woff'), url('https:\/\/masquedigital.com\/wp-content\/themes\/thefox\/includes\/4k-icons\/icons\/4k-icons-pack01\/icons\/fonts\/bk.ttf') format('truetype'), url('https:\/\/masquedigital.com\/wp-content\/themes\/thefox\/includes\/4k-icons\/icons\/4k-icons-pack01\/icons\/fonts\/bk.svg#oi') format('svg'); font-weight: normal; font-style: normal;}#rand_4tuziwkh3ujkw7lsmohg .bk-heart:before{font-family: 'bk'; font-weight: normal; font-style: normal;}#rand_4tuziwkh3ujkw7lsmohg .bk-heart:before{content: \"\\e119\";}<\/style>\n<style type=\"text\/css\" >#rand_4tuziwkh3ujkw7lsmohg:hover i{color:#057293!important;}#rand_4tuziwkh3ujkw7lsmohg:hover h3{color:#cad92a!important;}#rand_4tuziwkh3ujkw7lsmohg:hover p{color:!important;}#rand_4tuziwkh3ujkw7lsmohg:hover .icon_box_button{color:#2d3e50!important;}<\/style><div id=\"rand_4tuziwkh3ujkw7lsmohg\" class=\"icon_box\"><i class=\"bk-heart\" style=\"color:#cad92a;\"><\/i><h3 class=\"mi_heading\" style=\"color:#057293;\">Empat\u00eda<\/h3><p style=\"color:#282828\"><\/p><\/div><\/div><\/div><\/div><div  class=\"wpb_column vc_column_container vc_span3\"><div class=\"vc_column-inner rda_fadeInUp\" ><div class=\"wpb_wrapper\"><style type=\"text\/css\" >#rand_8zq9anee95cco65byrmo {margin-top:0px; margin-bottom:0px; }<\/style><style type='text\/css'> @font-face{font-family: 'bk'; src:url('https:\/\/masquedigital.com\/wp-content\/themes\/thefox\/includes\/4k-icons\/icons\/4k-icons-pack01\/icons\/fonts\/bk.eot'); src:url('https:\/\/masquedigital.com\/wp-content\/themes\/thefox\/includes\/4k-icons\/icons\/4k-icons-pack01\/icons\/fonts\/bk.eot?#iefix') format('embedded-opentype'), url('https:\/\/masquedigital.com\/wp-content\/themes\/thefox\/includes\/4k-icons\/icons\/4k-icons-pack01\/icons\/fonts\/bk.woff') format('woff'), url('https:\/\/masquedigital.com\/wp-content\/themes\/thefox\/includes\/4k-icons\/icons\/4k-icons-pack01\/icons\/fonts\/bk.ttf') format('truetype'), url('https:\/\/masquedigital.com\/wp-content\/themes\/thefox\/includes\/4k-icons\/icons\/4k-icons-pack01\/icons\/fonts\/bk.svg#oi') format('svg'); font-weight: normal; font-style: normal;}#rand_8zq9anee95cco65byrmo .bk-compass:before{font-family: 'bk'; font-weight: normal; font-style: normal;}#rand_8zq9anee95cco65byrmo .bk-compass:before{content: \"\\e14e\";}<\/style>\n<style type=\"text\/css\" >#rand_8zq9anee95cco65byrmo:hover i{color:#057293!important;}#rand_8zq9anee95cco65byrmo:hover h3{color:#cad92a!important;}#rand_8zq9anee95cco65byrmo:hover p{color:!important;}#rand_8zq9anee95cco65byrmo:hover .icon_box_button{color:#2d3e50!important;}<\/style><div id=\"rand_8zq9anee95cco65byrmo\" class=\"icon_box\"><i class=\"bk-compass\" style=\"color:#cad92a;\"><\/i><h3 class=\"mi_heading\" style=\"color:#057293;\">\u00c9tica<\/h3><p style=\"color:#282828\"><\/p><\/div><\/div><\/div><\/div><div  class=\"wpb_column vc_column_container vc_span3\"><div class=\"vc_column-inner rda_fadeInUp\" ><div class=\"wpb_wrapper\"><style type=\"text\/css\" >#rand_7ijpp9gmicamw2n6mhby {margin-top:0px; margin-bottom:0px; }<\/style><style type='text\/css'> @font-face{font-family: 'bk'; src:url('https:\/\/masquedigital.com\/wp-content\/themes\/thefox\/includes\/4k-icons\/icons\/4k-icons-pack01\/icons\/fonts\/bk.eot'); src:url('https:\/\/masquedigital.com\/wp-content\/themes\/thefox\/includes\/4k-icons\/icons\/4k-icons-pack01\/icons\/fonts\/bk.eot?#iefix') format('embedded-opentype'), url('https:\/\/masquedigital.com\/wp-content\/themes\/thefox\/includes\/4k-icons\/icons\/4k-icons-pack01\/icons\/fonts\/bk.woff') format('woff'), url('https:\/\/masquedigital.com\/wp-content\/themes\/thefox\/includes\/4k-icons\/icons\/4k-icons-pack01\/icons\/fonts\/bk.ttf') format('truetype'), url('https:\/\/masquedigital.com\/wp-content\/themes\/thefox\/includes\/4k-icons\/icons\/4k-icons-pack01\/icons\/fonts\/bk.svg#oi') format('svg'); font-weight: normal; font-style: normal;}#rand_7ijpp9gmicamw2n6mhby .bk-lamp-4:before{font-family: 'bk'; font-weight: normal; font-style: normal;}#rand_7ijpp9gmicamw2n6mhby .bk-lamp-4:before{content: \"\\e0ba\";}<\/style>\n<style type=\"text\/css\" >#rand_7ijpp9gmicamw2n6mhby:hover i{color:#057293!important;}#rand_7ijpp9gmicamw2n6mhby:hover h3{color:#cad92a!important;}#rand_7ijpp9gmicamw2n6mhby:hover p{color:!important;}#rand_7ijpp9gmicamw2n6mhby:hover .icon_box_button{color:#2d3e50!important;}<\/style><div id=\"rand_7ijpp9gmicamw2n6mhby\" class=\"icon_box\"><i class=\"bk-lamp-4\" style=\"color:#cad92a;\"><\/i><h3 class=\"mi_heading\" style=\"color:#057293;\">Creatividad<\/h3><p style=\"color:#282828\"><\/p><\/div><\/div><\/div><\/div><\/div>\n\t\t<\/div> <\/div>\n\t<\/div> \n<\/div>","protected":false},"excerpt":{"rendered":"<p>Son m\u00e1s de 12 a\u00f1os de \u00e9xitos, sumando adem\u00e1s la trayectoria de nuestro equipo y como dice nuestro lema: #ContigoSomosM\u00e1s Bienvenidos a M\u00e1sQueDigital, empresa pionera y l\u00edder en Venezuela de posicionamiento en Google y otras plataformas digitales. Nos dedicamos a la construcci\u00f3n y cuidado de la imagen de tu marca comercial o personal en los<br \/><a href=\"https:\/\/masquedigital.com\/en\/nosotros-masquedigital\/\" class=\"more\">Read more<\/a><\/p>","protected":false},"author":1,"featured_media":0,"parent":0,"menu_order":0,"comment_status":"closed","ping_status":"closed","template":"","meta":{"_crdt_document":"","footnotes":""},"class_list":["post-124","page","type-page","status-publish","hentry"],"_links":{"self":[{"href":"https:\/\/masquedigital.com\/en\/wp-json\/wp\/v2\/pages\/124","targetHints":{"allow":["GET"]}}],"collection":[{"href":"https:\/\/masquedigital.com\/en\/wp-json\/wp\/v2\/pages"}],"about":[{"href":"https:\/\/masquedigital.com\/en\/wp-json\/wp\/v2\/types\/page"}],"author":[{"embeddable":true,"href":"https:\/\/masquedigital.com\/en\/wp-json\/wp\/v2\/users\/1"}],"replies":[{"embeddable":true,"href":"https:\/\/masquedigital.com\/en\/wp-json\/wp\/v2\/comments?post=124"}],"version-history":[{"count":113,"href":"https:\/\/masquedigital.com\/en\/wp-json\/wp\/v2\/pages\/124\/revisions"}],"predecessor-version":[{"id":9778,"href":"https:\/\/masquedigital.com\/en\/wp-json\/wp\/v2\/pages\/124\/revisions\/9778"}],"wp:attachment":[{"href":"https:\/\/masquedigital.com\/en\/wp-json\/wp\/v2\/media?parent=124"}],"curies":[{"name":"wp","href":"https:\/\/api.w.org\/{rel}","templated":true}]}}